{"id":999,"date":"2023-01-05T16:43:04","date_gmt":"2023-01-05T15:43:04","guid":{"rendered":"https:\/\/smartwins-project.eu\/asmens-duomenu-valdymas\/"},"modified":"2023-10-17T14:45:13","modified_gmt":"2023-10-17T12:45:13","slug":"asmens-duomenu-valdymas","status":"publish","type":"page","link":"https:\/\/smartwins-project.eu\/lt\/asmens-duomenu-valdymas\/","title":{"rendered":"Asmens duomen\u0173 valdymas"},"content":{"rendered":"<p>[et_pb_section fb_built=&#8221;1&#8243; custom_padding_last_edited=&#8221;on|phone&#8221; admin_label=&#8221;Shop&#8221; _builder_version=&#8221;4.16&#8243; custom_padding=&#8221;50px||70px|||&#8221; custom_padding_tablet=&#8221;60px||0px|&#8221; custom_padding_phone=&#8221;&#8221; global_colors_info=&#8221;{}&#8221;][et_pb_row custom_padding_last_edited=&#8221;on|phone&#8221; admin_label=&#8221;Parduotuv\u0117s pavadinimas&#8221; _builder_version=&#8221;4.16&#8243; background_size=&#8221;initial&#8221; background_position=&#8221;top_left&#8221; background_repeat=&#8221;repeat&#8221; custom_padding=&#8221;30px|0px|50px|0px||&#8221; custom_padding_tablet=&#8221;0px||0px|&#8221; custom_padding_phone=&#8221;&#8221; global_colors_info=&#8221;{}&#8221;][et_pb_column type=&#8221;4_4&#8243; _builder_version=&#8221;4.16&#8243; custom_padding=&#8221;|||&#8221; global_colors_info=&#8221;{}&#8221; custom_padding__hover=&#8221;|||&#8221;][et_pb_text admin_label=&#8221;Look Inside Title&#8221; _builder_version=&#8221;4.16&#8243; text_text_color=&#8221;#1a1a1a&#8221; header_font=&#8221;Oswald|on||on|&#8221; header_text_align=&#8221;center&#8221; header_font_size=&#8221;60px&#8221; header_line_height=&#8221;1.3em&#8221; background_size=&#8221;initial&#8221; background_position=&#8221;top_left&#8221; background_repeat=&#8221;repeat&#8221; max_width=&#8221;450px&#8221; module_alignment=&#8221;center&#8221; custom_margin=&#8221;|||&#8221; custom_padding=&#8221;|||&#8221; animation_style=&#8221;slide&#8221; animation_direction=&#8221;top&#8221; animation_intensity_slide=&#8221;10%&#8221; locked=&#8221;off&#8221; global_colors_info=&#8221;{}&#8221;]<\/p>\n<h1>Asmens duomen\u0173 valdymas<\/h1>\n<p>[\/et_pb_text][et_pb_divider color=&#8221;#ed4441&#8243; divider_position=&#8221;center&#8221; divider_weight=&#8221;3px&#8221; disabled_on=&#8221;off|off|off%22%22&#8243; _builder_version=&#8221;4.16&#8243; max_width=&#8221;150px&#8221; module_alignment=&#8221;center&#8221; height=&#8221;false&#8221; custom_margin=&#8221;30px|||&#8221; animation_style=&#8221;slide&#8221; animation_direction=&#8221;top&#8221; animation_delay=&#8221;100ms&#8221; animation_intensity_slide=&#8221;10%&#8221; locked=&#8221;off&#8221; global_colors_info=&#8221;{}&#8221;][\/et_pb_divider][et_pb_text _builder_version=&#8221;4.19.1&#8243; _module_preset=&#8221;default&#8221; text_font=&#8221;Roboto||||||||&#8221; text_font_size=&#8221;16px&#8221; text_line_height=&#8221;1.9em&#8221; header_font=&#8221;||||||||&#8221; header_text_color=&#8221;#1a1a1a&#8221; hover_enabled=&#8221;0&#8243; sticky_enabled=&#8221;0&#8243; header_3_font=&#8221;Roboto||||||||&#8221; header_3_text_color=&#8221;#1a1a1a&#8221; header_3_line_height=&#8221;1.4em&#8221; header_3_font_size=&#8221;24px&#8221;]<\/p>\n<h3>Auditorijos matavimo slapukai &#8211; Matomo<\/h3>\n<p>\u0160ie slapukai leid\u017eia svetainei optimaliai veikti. Galite j\u0173 atsisakyti ir i\u0161trinti naudodami nar\u0161ykl\u0117s nustatymus, ta\u010diau gali pablog\u0117ti j\u016bs\u0173 naudotojo patirtis.<\/p>\n<ul>\n<li>_pk_testcookie: Leid\u017eia su\u017einoti, ar nar\u0161ykl\u0117 priima slapukus, saugoma 30 minu\u010di\u0173.<\/li>\n<li>_pk_ses, _pk_cvar ir _pk_hs: identifikuoja sesijos metu aplankytus puslapius, saugomus 30 minu\u010di\u0173.<\/li>\n<li>_pk_id#: naudojamas lankytojams atpa\u017einti ir taip su\u017einoti unikali\u0173 lankytoj\u0173 skai\u010di\u0173, saugomas 13 m\u0117nesi\u0173.<\/li>\n<\/ul>\n<p>Taip pat renkame j\u016bs\u0173 IP adres\u0105, kad nustatytume miest\u0105, i\u0161 kurio jungiat\u0117s. \u0160is adresas po naudojimo i\u0161 karto nuasmeninamas. Tod\u0117l &#8222;Innotrope&#8221; jokiu b\u016bdu negali jo susieti su fiziniu asmeniu.<br \/>&#8222;Matomo&#8221; steb\u0117jimas taikomas visiems svetain\u0117s lankytojams, ta\u010diau jis nustatytas taip, kad b\u016bt\u0173 u\u017etikrintas visi\u0161kas anonimi\u0161kumas.<br \/>Surinktus asmens duomenis (slapuk\u0173 identifikatorius) &#8222;Innotrope&#8221; saugo 13 m\u0117nesi\u0173. Jie neperduodami tre\u010diosioms \u0161alims ir nenaudojami kitais tikslais.<\/p>\n<h3>Asmens duomen\u0173 valdymas<\/h3>\n<p>&#8222;Innotrope&#8221; apdoroja kai kuriuos j\u016bs\u0173 duomenis, surinktus savo interneto svetain\u0117je per \u012fvairias pateiktas kontaktines formas.<br \/>Toliau &#8222;Innotrope&#8221; pateikia jums informacij\u0105, \u012f kuri\u0105 turite teis\u0119 pagal 2016 m. baland\u017eio 27 d. Europos Parlamento ir Tarybos reglament\u0105 (ES) 2016\/679 d\u0117l fizini\u0173 asmen\u0173 apsaugos tvarkant asmens duomenis ir d\u0117l laisvo toki\u0173 duomen\u0173 jud\u0117jimo ir kuriuo panaikinama Direktyva 95\/46\/EB, vadinam\u0105 Bendruoju duomen\u0173 apsaugos reglamentu (BDAR).<\/p>\n<p><strong>Duomen\u0173 tvarkymo objektai<\/strong><\/p>\n<p>&#8222;Innotrope&#8221;, kurios pagrindin\u0117 buvein\u0117 yra adresu 21, rue Jean Rostand 91400, Orsay, Pranc\u016bzija (toliau &#8211; Bendrov\u0117), tvarko asmens duomenis, kuri\u0173 tikslas &#8211; tvarkyti Bendrov\u0117s interneto svetain\u0117je gautas u\u017eklausas.<br \/>Tai leid\u017eia Bendrovei:<\/p>\n<ul>\n<li>atsakyti \u012f bendras u\u017eklausas, gautas per kontaktin\u0119 form\u0105;<\/li>\n<li>Tvarkykite per ad hoc form\u0105 gautas u\u017eklausas d\u0117l seminar\u0173 ar internetini\u0173 seminar\u0173 (registracija, organizavimas ir kt.).<\/li>\n<\/ul>\n<p><strong>Teisinis pagrindas<\/strong><\/p>\n<p>Teisinis duomen\u0173 tvarkymo pagrindas yra:<\/p>\n<p>Atsakymams \u012f bendro pob\u016bd\u017eio u\u017eklausas: teis\u0117tas Bendrov\u0117s interesas (RGPD 6 straipsnio 1 dalies f punktas), t. y. atsakyti \u017emon\u0117ms, kurie u\u017eduoda Bendrovei klausim\u0105;<br \/>Pra\u0161ym\u0173, susijusi\u0173 su seminarais ar internetiniais seminarais, tvarkymui: teis\u0117tas Bendrov\u0117s interesas (BDAR 6 straipsnio 1 dalies f punktas), t. y. organizuoti seminarus ar internetinius seminarus;<br \/>Formoje \u017evaig\u017edute pa\u017eym\u0117ti duomenys turi b\u016bti pateikti, kad Bendrov\u0117 gal\u0117t\u0173 apdoroti j\u016bs\u0173 pra\u0161ym\u0105.<\/p>\n<p><strong>Tvarkom\u0173 duomen\u0173 kategorijos<\/strong><\/p>\n<p>Tvarkomi \u0161ie duomenys: pareigos, pavard\u0117, vardas, el. pa\u0161to adresas, telefono numeris, \u012fmon\u0117, pavadinimas, \u0161alis.<\/p>\n<p><strong>Susij\u0119 asmenys<\/strong><\/p>\n<p>Duomen\u0173 tvarkymas susij\u0119s su bet kuriuo asmeniu, u\u017epild\u017eiusiu form\u0105 Bendrov\u0117s interneto svetain\u0117je: klientu, paslaug\u0173 teik\u0117ju, tiek\u0117ju, potencialiu klientu, kandidatu&#8230;.<\/p>\n<p><strong>Duomen\u0173 gav\u0117jai<\/strong><\/p>\n<p>Gav\u0117j\u0173 kategorijos<\/p>\n<p>Priklausomai nuo atitinkam\u0173 poreiki\u0173, vis\u0173 arba dalies duomen\u0173 gav\u0117jai yra atitinkami Bendrov\u0117s vidaus skyriai, t. y. daugiausia pardavim\u0173 skyrius, atitinkami linijiniai skyriai ir \u017emogi\u0161k\u0173j\u0173 i\u0161tekli\u0173 paramos skyriai.<\/p>\n<p><strong>Duomen\u0173 perdavimas u\u017e ES rib\u0173<\/strong><\/p>\n<p>Duomenys u\u017e Europos S\u0105jungos rib\u0173 neperduodami.<\/p>\n<p><strong>Duomen\u0173 saugojimo laikotarpis<\/strong><\/p>\n<p>Duomenys saugomi 5 metus nuo j\u0173 surinkimo.<\/p>\n<p><strong>J\u016bs\u0173 teis\u0117s<\/strong><\/p>\n<p>Galite susipa\u017einti su su jumis susijusiais duomenimis, juos i\u0161taisyti arba i\u0161trinti.<br \/>Taip pat turite teis\u0119 apriboti savo duomenis. Taip pat galite pasinaudoti teise nesutikti, kad j\u016bs\u0173 duomenys b\u016bt\u0173 tvarkomi teis\u0117to intereso pagrindu, ir teise \u012f duomen\u0173 perk\u0117lim\u0105, kai duomenys tvarkomi vykdant ikisutartines priemones.<br \/>Daugiau informacijos apie savo teises galite rasti cnil.fr svetain\u0117je (https:\/\/www.cnil.fr\/fr\/les-droits-pour-maitriser-vos-donnees-personnelles).<br \/>Nor\u0117dami pasinaudoti \u0161iomis teis\u0117mis arba i\u0161kilus klausimams d\u0117l j\u016bs\u0173 duomen\u0173 tvarkymo, galite susisiekti su mumis:<\/p>\n<ul>\n<li>Elektronin\u0117mis priemon\u0117mis: contact@innotrope.com<\/li>\n<\/ul>\n<p>Jei, susisiek\u0119 su Bendrove, manote, kad j\u016bs\u0173 &#8222;duomen\u0173 apsaugos&#8221; teisi\u0173 nebuvo paisoma, galite pateikti skund\u0105 internetu CNIL.<\/p>\n<p>[\/et_pb_text][\/et_pb_column][\/et_pb_row][\/et_pb_section][et_pb_section fb_built=&#8221;1&#8243; admin_label=&#8221;Promo Section&#8221; _builder_version=&#8221;4.19.1&#8243; background_color=&#8221;rgba(0,0,0,0.5)&#8221; background_image=&#8221;http:\/\/smartwins-project.eu\/wp-content\/uploads\/2022\/12\/AdobeStock_464993283_Preview.jpeg&#8221; background_blend=&#8221;color&#8221; custom_padding=&#8221;120px||120px|&#8221; global_colors_info=&#8221;{}&#8221;][et_pb_row _builder_version=&#8221;4.16&#8243; background_size=&#8221;initial&#8221; background_position=&#8221;top_left&#8221; background_repeat=&#8221;repeat&#8221; custom_margin=&#8221;|||&#8221; global_colors_info=&#8221;{}&#8221;][et_pb_column type=&#8221;4_4&#8243; _builder_version=&#8221;4.16&#8243; custom_padding=&#8221;|||&#8221; global_colors_info=&#8221;{}&#8221; custom_padding__hover=&#8221;|||&#8221;][et_pb_text admin_label=&#8221;CTA Section Subtitle&#8221; _builder_version=&#8221;4.16&#8243; text_font=&#8221;Roboto|on||on|&#8221; text_font_size=&#8221;24px&#8221; text_letter_spacing=&#8221;4px&#8221; background_size=&#8221;initial&#8221; background_position=&#8221;top_left&#8221; background_repeat=&#8221;repeat&#8221; background_layout=&#8221;dark&#8221; module_alignment=&#8221;center&#8221; animation_style=&#8221;zoom&#8221; animation_direction=&#8221;left&#8221; animation_intensity_zoom=&#8221;20%&#8221; global_colors_info=&#8221;{}&#8221;]<\/p>\n<p>M\u016bs\u0173 naujienlai\u0161kis<\/p>\n<p>[\/et_pb_text][et_pb_divider color=&#8221;#ffffff&#8221; divider_position=&#8221;center&#8221; divider_weight=&#8221;3px&#8221; disabled_on=&#8221;on|on|off%22%22&#8243; _builder_version=&#8221;4.16&#8243; max_width=&#8221;150px&#8221; module_alignment=&#8221;left&#8221; height=&#8221;false&#8221; animation_style=&#8221;zoom&#8221; animation_direction=&#8221;left&#8221; animation_delay=&#8221;200ms&#8221; animation_intensity_zoom=&#8221;20%&#8221; locked=&#8221;off&#8221; global_colors_info=&#8221;{}&#8221;][\/et_pb_divider][et_pb_signup mailchimp_list=&#8221;add_new_account&#8221; mailchimp_account_name=&#8221;MailChimp&#8221; mailchimp_api_key=&#8221;1966a708e774d461b78dc8dc4ee61c21-us8&#8243; name_field=&#8221;on&#8221; title=&#8221;Palaikykite ry\u0161\u012f&#8221; description=&#8221;<\/p>\n<p>Lorem ipsum<\/p>\n<p>&#8221; _builder_version=&#8221;4.19.1&#8243; header_font=&#8221;Oswald|on||on|&#8221; header_font_size=&#8221;60px&#8221; body_font=&#8221;Roboto||||&#8221; body_font_size=&#8221;16px&#8221; body_line_height=&#8221;1.8em&#8221; use_background_color=&#8221;off&#8221; custom_button=&#8221;on&#8221; button_bg_color=&#8221;#DB440A&#8221; button_border_color=&#8221;#ed4441&#8243; button_border_radius=&#8221;0px&#8221; button_letter_spacing=&#8221;4px&#8221; button_font=&#8221;Oswald|on||on|&#8221; button_icon=&#8221;&#x24;||divi||400&#8243; button_icon_color=&#8221;#ffffff&#8221; animation_style=&#8221;fold&#8221; animation_direction=&#8221;top&#8221; animation_delay=&#8221;200ms&#8221; button_border_color_hover=&#8221;#ffffff&#8221; button_border_radius_hover=&#8221;0px&#8221; button_letter_spacing_hover=&#8221;4px&#8221; button_bg_color_hover=&#8221;rgba(0,0,0,0)&#8221; locked=&#8221;off&#8221; global_colors_info=&#8221;{}&#8221; button_text_size__hover_enabled=&#8221;off&#8221; button_one_text_size__hover_enabled=&#8221;off&#8221; button_two_text_size__hover_enabled=&#8221;off&#8221; button_text_color__hover_enabled=&#8221;off&#8221; button_one_text_color__hover_enabled=&#8221;off&#8221; button_two_text_color__hover_enabled=&#8221;off&#8221; button_border_width__hover_enabled=&#8221;off&#8221; button_one_border_width__hover_enabled=&#8221;off&#8221; button_two_border_width__hover_enabled=&#8221;off&#8221; button_border_color__hover_enabled=&#8221;on&#8221; button_border_color__hover=&#8221;#ffffff&#8221; button_one_border_color__hover_enabled=&#8221;off&#8221; button_two_border_color__hover_enabled=&#8221;off&#8221; button_border_radius__hover_enabled=&#8221;on&#8221; button_border_radius__hover=&#8221;0px&#8221; button_one_border_radius__hover_enabled=&#8221;off&#8221; button_two_border_radius__hover_enabled=&#8221;off&#8221; button_letter_spacing__hover_enabled=&#8221;on&#8221; button_letter_spacing__hover=&#8221;4px&#8221; button_one_letter_spacing__hover_enabled=&#8221;off&#8221; button_two_letter_spacing__hover_enabled=&#8221;off&#8221; button_bg_color__hover_enabled=&#8221;on&#8221; button_bg_color__hover=&#8221;rgba(0,0,0,0)&#8221; button_one_bg_color__hover_enabled=&#8221;off&#8221; button_two_bg_color__hover_enabled=&#8221;off&#8221;] Yra daugyb\u0117 &#8222;Lorem Ipsum&#8221; i\u0161trauk\u0173 variant\u0173, ta\u010diau dauguma j\u0173 yra ka\u017ekiek pakeistos, \u012f jas \u012fterpta humoro ar atsitiktinai parinkt\u0173 \u017eod\u017ei\u0173, kurie neatrodo net \u0161iek tiek tikrovi\u0161kai. Jei ketinate naudoti &#8222;Lorem Ipsum&#8221; i\u0161trauk\u0105. [\/et_pb_signup][\/et_pb_column][\/et_pb_row][\/et_pb_section]<\/p>\n","protected":false},"excerpt":{"rendered":"<p>Asmens duomen\u0173 valdymasAuditorijos matavimo slapukai &#8211; Matomo \u0160ie slapukai leid\u017eia svetainei optimaliai veikti. Galite j\u0173 atsisakyti ir i\u0161trinti naudodami nar\u0161ykl\u0117s nustatymus, ta\u010diau gali pablog\u0117ti j\u016bs\u0173 naudotojo patirtis. _pk_testcookie: Leid\u017eia su\u017einoti, ar nar\u0161ykl\u0117 priima slapukus, saugoma 30 minu\u010di\u0173. _pk_ses, _pk_cvar ir _pk_hs: identifikuoja sesijos metu aplankytus puslapius, saugomus 30 minu\u010di\u0173. _pk_id#: naudojamas lankytojams atpa\u017einti ir taip [&hellip;]<\/p>\n","protected":false},"author":3,"featured_media":0,"parent":0,"menu_order":0,"comment_status":"closed","ping_status":"closed","template":"","meta":{"_et_pb_use_builder":"on","_et_pb_old_content":"","_et_gb_content_width":"","footnotes":""},"class_list":["post-999","page","type-page","status-publish","hentry"],"_links":{"self":[{"href":"https:\/\/smartwins-project.eu\/lt\/wp-json\/wp\/v2\/pages\/999","targetHints":{"allow":["GET"]}}],"collection":[{"href":"https:\/\/smartwins-project.eu\/lt\/wp-json\/wp\/v2\/pages"}],"about":[{"href":"https:\/\/smartwins-project.eu\/lt\/wp-json\/wp\/v2\/types\/page"}],"author":[{"embeddable":true,"href":"https:\/\/smartwins-project.eu\/lt\/wp-json\/wp\/v2\/users\/3"}],"replies":[{"embeddable":true,"href":"https:\/\/smartwins-project.eu\/lt\/wp-json\/wp\/v2\/comments?post=999"}],"version-history":[{"count":8,"href":"https:\/\/smartwins-project.eu\/lt\/wp-json\/wp\/v2\/pages\/999\/revisions"}],"predecessor-version":[{"id":1095,"href":"https:\/\/smartwins-project.eu\/lt\/wp-json\/wp\/v2\/pages\/999\/revisions\/1095"}],"wp:attachment":[{"href":"https:\/\/smartwins-project.eu\/lt\/wp-json\/wp\/v2\/media?parent=999"}],"curies":[{"name":"wp","href":"https:\/\/api.w.org\/{rel}","templated":true}]}}