{"id":1091,"date":"2023-01-05T16:42:48","date_gmt":"2023-01-05T15:42:48","guid":{"rendered":"https:\/\/smartwins-project.eu\/darbo-paketai\/"},"modified":"2024-12-18T12:34:18","modified_gmt":"2024-12-18T11:34:18","slug":"darbo-paketai","status":"publish","type":"page","link":"https:\/\/smartwins-project.eu\/lt\/darbo-paketai\/","title":{"rendered":"Darbo paketai"},"content":{"rendered":"<p>[et_pb_section fb_built=&#8221;1&#8243; custom_padding_last_edited=&#8221;on|phone&#8221; admin_label=&#8221;Shop&#8221; _builder_version=&#8221;4.16&#8243; custom_padding=&#8221;50px||70px|||&#8221; custom_padding_tablet=&#8221;60px||0px|&#8221; custom_padding_phone=&#8221;&#8221; global_colors_info=&#8221;{}&#8221;][et_pb_row custom_padding_last_edited=&#8221;on|phone&#8221; admin_label=&#8221;Parduotuv\u0117s pavadinimas&#8221; _builder_version=&#8221;4.16&#8243; background_size=&#8221;initial&#8221; background_position=&#8221;top_left&#8221; background_repeat=&#8221;repeat&#8221; custom_padding=&#8221;30px|0px|50px|0px||&#8221; custom_padding_tablet=&#8221;0px||0px|&#8221; custom_padding_phone=&#8221;&#8221; global_colors_info=&#8221;{}&#8221;][et_pb_column type=&#8221;4_4&#8243; _builder_version=&#8221;4.16&#8243; custom_padding=&#8221;|||&#8221; global_colors_info=&#8221;{}&#8221; custom_padding__hover=&#8221;|||&#8221;][et_pb_text admin_label=&#8221;Look Inside Title&#8221; _builder_version=&#8221;4.16&#8243; text_text_color=&#8221;#1a1a1a&#8221; header_font=&#8221;Oswald|on||on|&#8221; header_text_align=&#8221;center&#8221; header_font_size=&#8221;60px&#8221; header_line_height=&#8221;1.3em&#8221; background_size=&#8221;initial&#8221; background_position=&#8221;top_left&#8221; background_repeat=&#8221;repeat&#8221; max_width=&#8221;450px&#8221; module_alignment=&#8221;center&#8221; custom_margin=&#8221;|||&#8221; custom_padding=&#8221;|||&#8221; animation_style=&#8221;slide&#8221; animation_direction=&#8221;top&#8221; animation_intensity_slide=&#8221;10%&#8221; locked=&#8221;off&#8221; global_colors_info=&#8221;{}&#8221;]<\/p>\n<h1>Darbo paketai<\/h1>\n<p>[\/et_pb_text][et_pb_divider color=&#8221;#ed4441&#8243; divider_position=&#8221;center&#8221; divider_weight=&#8221;3px&#8221; disabled_on=&#8221;off|off|off%22%22&#8243; _builder_version=&#8221;4.16&#8243; max_width=&#8221;150px&#8221; module_alignment=&#8221;center&#8221; height=&#8221;false&#8221; custom_margin=&#8221;30px|||&#8221; animation_style=&#8221;slide&#8221; animation_direction=&#8221;top&#8221; animation_delay=&#8221;100ms&#8221; animation_intensity_slide=&#8221;10%&#8221; locked=&#8221;off&#8221; global_colors_info=&#8221;{}&#8221;][\/et_pb_divider][et_pb_text _builder_version=&#8221;4.19.1&#8243; _module_preset=&#8221;default&#8221; text_font=&#8221;Roboto||||||||&#8221; text_font_size=&#8221;16px&#8221; text_line_height=&#8221;1.9em&#8221; header_3_font=&#8221;Roboto||||||||&#8221; header_3_text_color=&#8221;#1a1a1a&#8221; header_3_font_size=&#8221;24px&#8221; header_3_line_height=&#8221;1.4em&#8221; global_colors_info=&#8221;{}&#8221;]Projektas finansuojamas Europos S\u0105jungos ir Jungtin\u0117s Karalyst\u0117s mokslini\u0173 tyrim\u0173 ir inovacij\u0173 l\u0117\u0161omis ir atitinka reikiam\u0105 metodik\u0105, nes \u012fvair\u016bs jo tikslai suskirstyti \u012f kelis darbo paketus.[\/et_pb_text][\/et_pb_column][\/et_pb_row][et_pb_row column_structure=&#8221;1_2,1_2&#8243; use_custom_gutter=&#8221;on&#8221; gutter_width=&#8221;2&#8243; make_equal=&#8221;on&#8221; admin_label=&#8221;Produktai&#8221; _builder_version=&#8221;4.16&#8243; background_size=&#8221;initial&#8221; background_position=&#8221;top_left&#8221; background_repeat=&#8221;repeat&#8221; custom_padding=&#8221;|||&#8221; global_colors_info=&#8221;{}&#8221;][et_pb_column type=&#8221;1_2&#8243; _builder_version=&#8221;4.16&#8243; custom_padding=&#8221;|||&#8221; global_colors_info=&#8221;{}&#8221; custom_padding__hover=&#8221;|||&#8221;][et_pb_text _builder_version=&#8221;4.27.4&#8243; _module_preset=&#8221;default&#8221; text_font=&#8221;Roboto||||||||&#8221; text_font_size=&#8221;16px&#8221; text_line_height=&#8221;1.9em&#8221; header_3_font=&#8221;Roboto||||||||&#8221; header_3_text_color=&#8221;#1a1a1a&#8221; header_3_font_size=&#8221;24px&#8221; header_3_line_height=&#8221;1.4em&#8221; header_4_text_color=&#8221;#b93a08&#8243; hover_enabled=&#8221;0&#8243; global_colors_info=&#8221;{}&#8221; sticky_enabled=&#8221;0&#8243;]<\/p>\n<h3>1 darbo paketas<\/h3>\n<h4>I\u0161maniosios technologijos i\u0161maniesiems pastatams: Skaitmeninimas, daikt\u0173 internetas ir patalp\u0173 aplinkos kokyb\u0117<\/h4>\n<p>Tobulinti KTU mokslini\u0173 tyrim\u0173 kompetencij\u0105 i\u0161maniosios ir anglies dioksido po\u017ei\u016briu neutralios pastat\u0173 aplinkos srityje, naudojant skaitmeninius dvynius, taikomus tvari\u0173j\u0173 pastat\u0173 in\u017einerijos projektuose.<\/p>\n<p><em>Rezultatai:<\/em><\/p>\n<p><em><\/em><\/p>\n<ul>\n<li><em>Mokslin\u0117 ataskaita apie i\u0161mani\u0173j\u0173 pastat\u0173 skaitmenin\u012f vertinim\u0105 per vis\u0105 j\u0173 gyvavimo laikotarp\u012f<\/em><br \/><em><\/em><\/li>\n<li><em>Mokslin\u0117 ataskaita apie patalp\u0173 aplinkos kokyb\u0117s vertinim\u0105 naudojant i\u0161maniuosius jutiklius<\/em><br \/><em><\/em><\/li>\n<li><em>Mokslin\u0117 ataskaita apie daikt\u0173 internet\u0105 ir skaitmeninius dvynius i\u0161maniuosiuose pastatuose<\/em><br \/><em><\/em><\/li>\n<li><em>Mokslin\u0117 ataskaita d\u0117l pastat\u0173 energinio vertinimo BIM aplinkoje<\/em><\/li>\n<\/ul>\n<p>[\/et_pb_text][\/et_pb_column][et_pb_column type=&#8221;1_2&#8243; _builder_version=&#8221;4.16&#8243; custom_padding=&#8221;|||&#8221; global_colors_info=&#8221;{}&#8221; custom_padding__hover=&#8221;|||&#8221;][et_pb_text _builder_version=&#8221;4.19.1&#8243; _module_preset=&#8221;default&#8221; text_font=&#8221;Roboto||||||||&#8221; text_font_size=&#8221;16px&#8221; text_line_height=&#8221;1.9em&#8221; header_3_font=&#8221;Roboto||||||||&#8221; header_3_text_color=&#8221;#1a1a1a&#8221; header_3_font_size=&#8221;24px&#8221; header_3_line_height=&#8221;1.4em&#8221; header_4_text_color=&#8221;#b93a08&#8243; global_colors_info=&#8221;{}&#8221;]<\/p>\n<h3>2 darbo paketas<\/h3>\n<h4>Mokslini\u0173 tyrim\u0173 kompetencijos ugdymas. Mokslini\u0173 tyrim\u0173 valdymo ir administravimo geb\u0117jim\u0173 stiprinimas<\/h4>\n<p>Stiprinti KTU geb\u0117jimus teikti parai\u0161kas konkurencingam mokslini\u0173 tyrim\u0173 finansavimui gauti, valdyti ir administruoti finansuojamus projektus.<\/p>\n<p><em>Rezultatai:<\/em><\/p>\n<ul>\n<li><em>Darbuotoj\u0173 mainai<\/em><br \/>\n<em><\/em><\/li>\n<li><em>Mokslin\u0117 konferencija<\/em><br \/>\n<em><\/em><\/li>\n<li><em>Moksliniai seminarai<\/em><\/li>\n<\/ul>\n<p>[\/et_pb_text][\/et_pb_column][\/et_pb_row][et_pb_row column_structure=&#8221;1_2,1_2&#8243; use_custom_gutter=&#8221;on&#8221; gutter_width=&#8221;2&#8243; make_equal=&#8221;on&#8221; admin_label=&#8221;Produktai&#8221; _builder_version=&#8221;4.16&#8243; background_size=&#8221;initial&#8221; background_position=&#8221;top_left&#8221; background_repeat=&#8221;repeat&#8221; custom_padding=&#8221;|||&#8221; global_colors_info=&#8221;{}&#8221;][et_pb_column type=&#8221;1_2&#8243; _builder_version=&#8221;4.16&#8243; custom_padding=&#8221;|||&#8221; global_colors_info=&#8221;{}&#8221; custom_padding__hover=&#8221;|||&#8221;][et_pb_text _builder_version=&#8221;4.27.4&#8243; _module_preset=&#8221;default&#8221; text_font=&#8221;Roboto||||||||&#8221; text_font_size=&#8221;16px&#8221; text_line_height=&#8221;1.9em&#8221; header_3_font=&#8221;Roboto||||||||&#8221; header_3_text_color=&#8221;#1a1a1a&#8221; header_3_font_size=&#8221;24px&#8221; header_3_line_height=&#8221;1.4em&#8221; header_4_text_color=&#8221;#b93a08&#8243; hover_enabled=&#8221;0&#8243; global_colors_info=&#8221;{}&#8221; sticky_enabled=&#8221;0&#8243;]<\/p>\n<h3>3 darbo paketas<\/h3>\n<h4>Ry\u0161iai su \u012fmon\u0117mis, pilie\u010di\u0173 dalyvavimas ir politikos formavimas.<\/h4>\n<p>U\u017emegzti ry\u0161ius su \u012fmon\u0117mis ir suteikti prieig\u0105 prie metodikos, kad b\u016bt\u0173 remiamos atvirosios inovacijos.<\/p>\n<p><em>Rezultatai:<\/em><\/p>\n<ul>\n<li><em>Pilie\u010di\u0173 renginiai<\/em><\/li>\n<li><em>Tarpininkavimo renginiai<\/em><\/li>\n<li><em>Politikos ataskaita<\/em><\/li>\n<\/ul>\n<p>[\/et_pb_text][\/et_pb_column][et_pb_column type=&#8221;1_2&#8243; _builder_version=&#8221;4.16&#8243; custom_padding=&#8221;|||&#8221; global_colors_info=&#8221;{}&#8221; custom_padding__hover=&#8221;|||&#8221;][et_pb_text _builder_version=&#8221;4.19.1&#8243; _module_preset=&#8221;default&#8221; text_font=&#8221;Roboto||||||||&#8221; text_font_size=&#8221;16px&#8221; text_line_height=&#8221;1.9em&#8221; header_3_font=&#8221;Roboto||||||||&#8221; header_3_text_color=&#8221;#1a1a1a&#8221; header_3_font_size=&#8221;24px&#8221; header_3_line_height=&#8221;1.4em&#8221; header_4_text_color=&#8221;#b93a08&#8243; global_colors_info=&#8221;{}&#8221;]<\/p>\n<h3>4 darbo paketas<\/h3>\n<h4>KTU edukacin\u0117s veiklos tobulinimas ir turtinimas<\/h4>\n<p>mokyti ir \u0161viesti KTU mokslininkus ir studentus naujos kartos skaitmenini\u0173 dvyni\u0173, taikom\u0173 siekiant pereiti prie i\u0161manios, tvarios, atsparios ir anglies dioksido nei\u0161skirian\u010dios pastat\u0173 aplinkos, tema.<\/p>\n<p><em>Rezultatai:<\/em><\/p>\n<ul>\n<li><em>Mokymai ir vasaros mokyklos<\/em><\/li>\n<\/ul>\n<p>[\/et_pb_text][\/et_pb_column][\/et_pb_row][et_pb_row column_structure=&#8221;1_2,1_2&#8243; use_custom_gutter=&#8221;on&#8221; gutter_width=&#8221;2&#8243; make_equal=&#8221;on&#8221; admin_label=&#8221;Produktai&#8221; _builder_version=&#8221;4.16&#8243; background_size=&#8221;initial&#8221; background_position=&#8221;top_left&#8221; background_repeat=&#8221;repeat&#8221; custom_padding=&#8221;|||&#8221; global_colors_info=&#8221;{}&#8221;][et_pb_column type=&#8221;1_2&#8243; _builder_version=&#8221;4.16&#8243; custom_padding=&#8221;|||&#8221; global_colors_info=&#8221;{}&#8221; custom_padding__hover=&#8221;|||&#8221;][et_pb_text _builder_version=&#8221;4.27.4&#8243; _module_preset=&#8221;default&#8221; text_font=&#8221;Roboto||||||||&#8221; text_font_size=&#8221;16px&#8221; text_line_height=&#8221;1.9em&#8221; header_3_font=&#8221;Roboto||||||||&#8221; header_3_text_color=&#8221;#1a1a1a&#8221; header_3_font_size=&#8221;24px&#8221; header_3_line_height=&#8221;1.4em&#8221; header_4_text_color=&#8221;#b93a08&#8243; hover_enabled=&#8221;0&#8243; global_colors_info=&#8221;{}&#8221; sticky_enabled=&#8221;0&#8243;]<\/p>\n<h3>5 darbo paketas<\/h3>\n<h4>Sklaida, panaudojimas, komunikacija ir projekto valdymas<\/h4>\n<p>\u012egyvendinti projekto sklaidos, naudojimo ir komunikacijos veiksmus, koordinuoti konsorciumo veikl\u0105 ir teikti ataskaitas apie rezultatus.<\/p>\n<p><em>Rezultatai:<\/em><\/p>\n<ul>\n<li><em>Sklaidos, panaudojimo ir komunikacijos planas<\/em><\/li>\n<li><em>Projekto interneto svetain\u0117<\/em><\/li>\n<\/ul>\n<p>[\/et_pb_text][\/et_pb_column][et_pb_column type=&#8221;1_2&#8243; _builder_version=&#8221;4.16&#8243; custom_padding=&#8221;|||&#8221; global_colors_info=&#8221;{}&#8221; custom_padding__hover=&#8221;|||&#8221;][et_pb_text _builder_version=&#8221;4.19.1&#8243; _module_preset=&#8221;default&#8221; text_font=&#8221;Roboto||||||||&#8221; text_font_size=&#8221;16px&#8221; text_line_height=&#8221;1.9em&#8221; header_3_font=&#8221;Roboto||||||||&#8221; header_3_text_color=&#8221;#1a1a1a&#8221; header_3_font_size=&#8221;24px&#8221; header_3_line_height=&#8221;1.4em&#8221; header_4_text_color=&#8221;#b93a08&#8243; global_colors_info=&#8221;{}&#8221;]<\/p>\n<h3>6 darbo paketas<\/h3>\n<h4>Projekt\u0173 valdymas<\/h4>\n<p><span style=\"font-weight: 400;\">Koordinuoti konsorciumo veikl\u0105 ir teikti ataskaitas apie rezultatus.<\/span><\/p>\n<p>[\/et_pb_text][\/et_pb_column][\/et_pb_row][\/et_pb_section][et_pb_section fb_built=&#8221;1&#8243; admin_label=&#8221;CTA&#8221; _builder_version=&#8221;4.20.4&#8243; background_image=&#8221;https:\/\/smartwins-project.eu\/wp-content\/uploads\/2023\/01\/smartwins-contact-us.jpg&#8221; parallax=&#8221;on&#8221; custom_margin=&#8221;||-60px||false|false&#8221; custom_padding=&#8221;0px||||false|false&#8221; global_module=&#8221;144&#8243; saved_tabs=&#8221;all&#8221; global_colors_info=&#8221;{}&#8221;][et_pb_row use_custom_gutter=&#8221;on&#8221; gutter_width=&#8221;1&#8243; custom_padding_last_edited=&#8221;on|tablet&#8221; module_class=&#8221; et_pb_row_fullwidth&#8221; _builder_version=&#8221;4.16&#8243; width=&#8221;100%&#8221; width_tablet=&#8221;100%&#8221; width_phone=&#8221;100%&#8221; width_last_edited=&#8221;on|desktop&#8221; max_width=&#8221;100%&#8221; max_width_tablet=&#8221;100%&#8221; max_width_phone=&#8221;100%&#8221; max_width_last_edited=&#8221;on|desktop&#8221; custom_padding=&#8221;80px|0px|80px|0px||&#8221; custom_padding_tablet=&#8221;0px|||&#8221; custom_padding_phone=&#8221;&#8221; make_fullwidth=&#8221;on&#8221; global_colors_info=&#8221;{}&#8221;][et_pb_column type=&#8221;4_4&#8243; _builder_version=&#8221;4.16&#8243; custom_padding=&#8221;|||&#8221; global_colors_info=&#8221;{}&#8221; custom_padding__hover=&#8221;|||&#8221;][et_pb_text admin_label=&#8221;CTA Section Title&#8221; _builder_version=&#8221;4.19.1&#8243; text_font=&#8221;||||&#8221; text_line_height=&#8221;1em&#8221; header_font=&#8221;Oswald|on||on|&#8221; header_text_align=&#8221;center&#8221; header_text_color=&#8221;#FFFFFF&#8221; header_font_size=&#8221;60px&#8221; header_line_height=&#8221;1.3em&#8221; module_alignment=&#8221;center&#8221; custom_margin=&#8221;||60px|&#8221; custom_padding=&#8221;|||&#8221; animation_style=&#8221;slide&#8221; animation_direction=&#8221;top&#8221; animation_intensity_slide=&#8221;10%&#8221; locked=&#8221;off&#8221; global_colors_info=&#8221;{}&#8221;]<\/p>\n<h1>Ar norite su\u017einoti daugiau?<\/h1>\n<p>[\/et_pb_text][et_pb_button button_url=&#8221;@ET-DC@eyJkeW5hbWljIjp0cnVlLCJjb250ZW50IjoicG9zdF9saW5rX3VybF9wYWdlIiwic2V0dGluZ3MiOnsicG9zdF9pZCI6IjE2MDQifX0=@&#8221; button_text=&#8221;Dalyvaukite!&#8221; button_alignment=&#8221;center&#8221; _builder_version=&#8221;4.25.1&#8243; _dynamic_attributes=&#8221;button_url&#8221; custom_button=&#8221;on&#8221; button_text_color=&#8221;#ffffff&#8221; button_bg_color=&#8221;#aa3507&#8243; button_border_color=&#8221;RGBA(255,255,255,0)&#8221; button_border_radius=&#8221;0px&#8221; button_letter_spacing=&#8221;4px&#8221; button_font=&#8221;Oswald|on||on|&#8221; button_icon=&#8221;&#x24;||divi||400&#8243; button_icon_color=&#8221;#1a1a1a&#8221; custom_margin=&#8221;||||false|false&#8221; custom_padding=&#8221;||||true|false&#8221; button_border_color_last_edited=&#8221;off|desktop&#8221; button_border_color_hover=&#8221;#1a1a1a&#8221; button_border_radius_hover=&#8221;0px&#8221; button_letter_spacing_hover=&#8221;4px&#8221; button_bg_color_hover=&#8221;rgba(0,0,0,0)&#8221; locked=&#8221;off&#8221; global_colors_info=&#8221;{}&#8221; button_text_size__hover_enabled=&#8221;off&#8221; button_one_text_size__hover_enabled=&#8221;off&#8221; button_two_text_size__hover_enabled=&#8221;off&#8221; button_text_color__hover_enabled=&#8221;on|desktop&#8221; button_one_text_color__hover_enabled=&#8221;off&#8221; button_two_text_color__hover_enabled=&#8221;off&#8221; button_border_width__hover_enabled=&#8221;off&#8221; button_one_border_width__hover_enabled=&#8221;off&#8221; button_two_border_width__hover_enabled=&#8221;off&#8221; button_border_color__hover_enabled=&#8221;off|desktop&#8221; button_border_color__hover=&#8221;#1a1a1a&#8221; button_one_border_color__hover_enabled=&#8221;off&#8221; button_two_border_color__hover_enabled=&#8221;off&#8221; button_border_radius__hover_enabled=&#8221;on&#8221; button_border_radius__hover=&#8221;0px&#8221; button_one_border_radius__hover_enabled=&#8221;off&#8221; button_two_border_radius__hover_enabled=&#8221;off&#8221; button_letter_spacing__hover_enabled=&#8221;on&#8221; button_letter_spacing__hover=&#8221;4px&#8221; button_one_letter_spacing__hover_enabled=&#8221;off&#8221; button_two_letter_spacing__hover_enabled=&#8221;off&#8221; button_bg_color__hover_enabled=&#8221;on&#8221; button_bg_color__hover=&#8221;rgba(0,0,0,0)&#8221; button_one_bg_color__hover_enabled=&#8221;off&#8221; button_two_bg_color__hover_enabled=&#8221;off&#8221; button_text_color__hover=&#8221;#ffffff&#8221;][\/et_pb_button][\/et_pb_column][\/et_pb_row][\/et_pb_section]<\/p>\n","protected":false},"excerpt":{"rendered":"<p>Darbo paketaiProjektas finansuojamas Europos S\u0105jungos ir Jungtin\u0117s Karalyst\u0117s mokslini\u0173 tyrim\u0173 ir inovacij\u0173 l\u0117\u0161omis ir atitinka reikiam\u0105 metodik\u0105, nes \u012fvair\u016bs jo tikslai suskirstyti \u012f kelis darbo paketus.1 darbo paketas I\u0161maniosios technologijos i\u0161maniesiems pastatams: Skaitmeninimas, daikt\u0173 internetas ir patalp\u0173 aplinkos kokyb\u0117 Tobulinti KTU mokslini\u0173 tyrim\u0173 kompetencij\u0105 i\u0161maniosios ir anglies dioksido po\u017ei\u016briu neutralios pastat\u0173 aplinkos srityje, naudojant skaitmeninius [&hellip;]<\/p>\n","protected":false},"author":3,"featured_media":0,"parent":0,"menu_order":0,"comment_status":"closed","ping_status":"closed","template":"","meta":{"_et_pb_use_builder":"on","_et_pb_old_content":"","_et_gb_content_width":"","footnotes":""},"class_list":["post-1091","page","type-page","status-publish","hentry"],"_links":{"self":[{"href":"https:\/\/smartwins-project.eu\/lt\/wp-json\/wp\/v2\/pages\/1091","targetHints":{"allow":["GET"]}}],"collection":[{"href":"https:\/\/smartwins-project.eu\/lt\/wp-json\/wp\/v2\/pages"}],"about":[{"href":"https:\/\/smartwins-project.eu\/lt\/wp-json\/wp\/v2\/types\/page"}],"author":[{"embeddable":true,"href":"https:\/\/smartwins-project.eu\/lt\/wp-json\/wp\/v2\/users\/3"}],"replies":[{"embeddable":true,"href":"https:\/\/smartwins-project.eu\/lt\/wp-json\/wp\/v2\/comments?post=1091"}],"version-history":[{"count":2,"href":"https:\/\/smartwins-project.eu\/lt\/wp-json\/wp\/v2\/pages\/1091\/revisions"}],"predecessor-version":[{"id":1780,"href":"https:\/\/smartwins-project.eu\/lt\/wp-json\/wp\/v2\/pages\/1091\/revisions\/1780"}],"wp:attachment":[{"href":"https:\/\/smartwins-project.eu\/lt\/wp-json\/wp\/v2\/media?parent=1091"}],"curies":[{"name":"wp","href":"https:\/\/api.w.org\/{rel}","templated":true}]}}