{"id":1019,"date":"2023-01-05T16:35:18","date_gmt":"2023-01-05T15:35:18","guid":{"rendered":"https:\/\/smartwins-project.eu\/teisinis-pranesimas\/"},"modified":"2023-10-17T14:45:12","modified_gmt":"2023-10-17T12:45:12","slug":"teisinis-pranesimas","status":"publish","type":"page","link":"https:\/\/smartwins-project.eu\/lt\/teisinis-pranesimas\/","title":{"rendered":"Teisinis prane\u0161imas"},"content":{"rendered":"<p>[et_pb_section fb_built=&#8221;1&#8243; custom_padding_last_edited=&#8221;on|phone&#8221; admin_label=&#8221;Shop&#8221; _builder_version=&#8221;4.16&#8243; custom_padding=&#8221;50px||70px|||&#8221; custom_padding_tablet=&#8221;60px||0px|&#8221; custom_padding_phone=&#8221;&#8221; global_colors_info=&#8221;{}&#8221;][et_pb_row custom_padding_last_edited=&#8221;on|phone&#8221; admin_label=&#8221;Parduotuv\u0117s pavadinimas&#8221; _builder_version=&#8221;4.16&#8243; background_size=&#8221;initial&#8221; background_position=&#8221;top_left&#8221; background_repeat=&#8221;repeat&#8221; custom_padding=&#8221;30px|0px|50px|0px||&#8221; custom_padding_tablet=&#8221;0px||0px|&#8221; custom_padding_phone=&#8221;&#8221; global_colors_info=&#8221;{}&#8221;][et_pb_column type=&#8221;4_4&#8243; _builder_version=&#8221;4.16&#8243; custom_padding=&#8221;|||&#8221; global_colors_info=&#8221;{}&#8221; custom_padding__hover=&#8221;|||&#8221;][et_pb_text admin_label=&#8221;Look Inside Title&#8221; _builder_version=&#8221;4.16&#8243; text_text_color=&#8221;#1a1a1a&#8221; header_font=&#8221;Oswald|on||on|&#8221; header_text_align=&#8221;center&#8221; header_font_size=&#8221;60px&#8221; header_line_height=&#8221;1.3em&#8221; background_size=&#8221;initial&#8221; background_position=&#8221;top_left&#8221; background_repeat=&#8221;repeat&#8221; max_width=&#8221;450px&#8221; module_alignment=&#8221;center&#8221; custom_margin=&#8221;|||&#8221; custom_padding=&#8221;|||&#8221; animation_style=&#8221;slide&#8221; animation_direction=&#8221;top&#8221; animation_intensity_slide=&#8221;10%&#8221; locked=&#8221;off&#8221; global_colors_info=&#8221;{}&#8221;]<\/p>\n<h1>Teisinis prane\u0161imas<\/h1>\n<p>[\/et_pb_text][et_pb_divider color=&#8221;#ed4441&#8243; divider_position=&#8221;center&#8221; divider_weight=&#8221;3px&#8221; disabled_on=&#8221;off|off|off%22%22&#8243; _builder_version=&#8221;4.16&#8243; max_width=&#8221;150px&#8221; module_alignment=&#8221;center&#8221; height=&#8221;false&#8221; custom_margin=&#8221;30px|||&#8221; animation_style=&#8221;slide&#8221; animation_direction=&#8221;top&#8221; animation_delay=&#8221;100ms&#8221; animation_intensity_slide=&#8221;10%&#8221; locked=&#8221;off&#8221; global_colors_info=&#8221;{}&#8221;][\/et_pb_divider][et_pb_text _builder_version=&#8221;4.19.1&#8243; _module_preset=&#8221;default&#8221; text_font=&#8221;Roboto||||||||&#8221; text_font_size=&#8221;16px&#8221; text_line_height=&#8221;1.9em&#8221; header_3_font=&#8221;Roboto||||||||&#8221; header_3_text_align=&#8221;left&#8221; header_3_text_color=&#8221;#1a1a1a&#8221; header_3_font_size=&#8221;24px&#8221; header_3_line_height=&#8221;1.4em&#8221; global_colors_info=&#8221;{}&#8221;]<\/p>\n<h3>Svetain\u0117s pristatymas<\/h3>\n<p>Interneto svetain\u0117 &#8222;SMARTWINS-PROJECT.EU&#8221; yra &#8222;Innotrope&#8221;, supaprastintos ribotos atsakomyb\u0117s bendrov\u0117s su vieninteliu akcininku, kurios \u012fstatinis kapitalas yra 7500 eur\u0173, PVM mok\u0117tojo kodas: FR08825333164, kurios registruota buvein\u0117 yra adresu 21, rue Jean Rostand, 91400, Orsay, Pranc\u016bzija.<\/p>\n<ul>\n<li>Leidybos direktorius : Julien Sudre<\/li>\n<li>Tinklalapio valdytojas : contact@innotrope.com<\/li>\n<li>\u017diniatinklio prieglobos tarnyba: OVH &#8211; 2 rue Kellermann, 59100 Roubaix<\/li>\n<li>Duomen\u0173 apsaugos pareig\u016bnas: contact@innotrope.com<\/li>\n<\/ul>\n<h3>Bendrosios naudojimo s\u0105lygos<\/h3>\n<p>&#8222;SMARTWINS-PROJECT.EU&#8221; svetain\u0117 yra intelektinis k\u016brinys, saugomas pagal Pranc\u016bzijos intelektin\u0117s nuosavyb\u0117s kodekso (Code de la Propri\u00e9t\u00e9 Intellectuelle) s\u0105lygas.<\/p>\n<p>Interneto naudotojas (toliau &#8211; Naudotojas) jokiu b\u016bdu negali pakartotinai naudoti, perduoti ar naudoti savo naudai vis\u0173 ar dalies \u0161ioje svetain\u0117je esan\u010di\u0173 element\u0173 ar k\u016brini\u0173. Nar\u0161ymas &#8222;SMARTWINS-PROJECT.EU&#8221; interneto svetain\u0117je rei\u0161kia, kad visi\u0161kai sutinkate su toliau apra\u0161ytomis bendrosiomis naudojimo s\u0105lygomis. \u0160ios naudojimo s\u0105lygos gali b\u016bti bet kada pakeistos ar papildytos, tod\u0117l svetain\u0117s naudotoj\u0173 pra\u0161ome nuolat su jomis susipa\u017einti. \u0160ia svetaine Vartotojai paprastai gali naudotis bet kuriuo metu. Ta\u010diau &#8222;Innotrope&#8221; gali nuspr\u0119sti nutraukti paslaugos teikim\u0105 technin\u0117s prie\u017ei\u016bros tikslais ir &#8222;Innotrope&#8221; stengsis i\u0161 anksto informuoti Vartotojus. &#8222;Innotrope&#8221; negali b\u016bti laikoma atsakinga u\u017e bet koki\u0105 tiesiogin\u0119 ar netiesiogin\u0119 \u017eal\u0105, kuri gali atsirasti d\u0117l prieigos prie jos interneto svetain\u0117s ar naudojimosi ja, \u012fskaitant neprieinamum\u0105, duomen\u0173 praradim\u0105, \u017eal\u0105, sunaikinim\u0105 ar virusus, kurie gali paveikti Vartotojo kompiuterin\u0119 \u012frang\u0105, ir (arba) virus\u0173 buvim\u0105 jos interneto svetain\u0117je.<\/p>\n<h3>Svetain\u0117s paskirtis<\/h3>\n<p>Svetain\u0117s tikslas &#8211; teikti informacij\u0105 apie projekt\u0105 &#8222;SmartWins&#8221;. &#8222;Innotrope&#8221; stengiasi pateikti kuo tikslesn\u0119 informacij\u0105 &#8222;SMARTWINS-PROJECT.EU&#8221; svetain\u0117je. Ta\u010diau ji negali b\u016bti laikoma atsakinga u\u017e praleidimus, netikslumus ir tr\u016bkumus, \u012ftrauktus \u012f atnaujinimus. Visa svetain\u0117je &#8222;SMARTWINS-PROJECT.EU&#8221; pateikiama informacija yra rekomendacinio pob\u016bd\u017eio, ji gali keistis, n\u0117ra i\u0161sami ir privaloma, be to, ji gali b\u016bti pakeista po to, kai buvo paskelbta internete.<\/p>\n<h3>Intelektin\u0117 nuosavyb\u0117 ir autori\u0173 teis\u0117s<\/h3>\n<p>Visos intelektin\u0117s nuosavyb\u0117s teis\u0117s priklauso &#8222;Innotrope&#8221;, taip pat ir visi svetain\u0117je prieinami elementai, \u012fskaitant tekstus, paveiksl\u0117lius, grafik\u0105, logotipus, vaizdo \u012fra\u0161us, piktogramas ir garsus. Draud\u017eiama bet kokiomis priemon\u0117mis ar b\u016bdais atgaminti, vaizduoti, keisti, skelbti, adaptuoti visus svetain\u0117s elementus ar j\u0173 dal\u012f, nebent i\u0161 anksto gautas ra\u0161ti\u0161kas &#8222;Innotrope&#8221; leidimas. Gav\u0119s tok\u012f leidim\u0105, parei\u0161k\u0117jas privalo nurodyti \u0161altin\u012f, o &#8222;Innotrope&#8221; neatsako u\u017e tai, kaip pastarasis panaudojo pripa\u017eint\u0105 turin\u012f. Bet koks neteis\u0117tas svetain\u0117s ar bet kurio joje esan\u010dio elemento naudojimas bus laikomas autori\u0173 teisi\u0173 pa\u017eeidimu. Toks naudojimas bus vykdomas pagal L. 335-2 ir paskesni\u0173 straipsni\u0173 nuostatas. Pranc\u016bzijos intelektin\u0117s nuosavyb\u0117s kodekso (Code de Propri\u00e9t\u00e9 Intellectuelle)<\/p>\n<h3>Slapukai<\/h3>\n<p>&#8222;Slapukas&#8221; &#8211; tai nedidelis duomen\u0173 failas, kur\u012f Vartotojas siun\u010dia \u012f Vartotojo nar\u0161ykl\u0119 ir kuris saugomas Vartotojo terminale (pvz., kompiuteryje, i\u0161maniajame telefone). Tik\u0117tina, kad slapukai niekaip nepakenks Vartotojo terminalui. Tik\u0117tina, kad &#8222;Innotrope&#8221; apdoros naudotojo informacij\u0105 apie jo apsilankym\u0105 svetain\u0117je, pavyzd\u017eiui, per\u017ei\u016br\u0117tus puslapius ir atliktas paie\u0161kas. \u0160i informacija leid\u017eia &#8222;Innotrope&#8221; tobulinti svetain\u0117s turin\u012f ir naudotojo navigacij\u0105. Jei Vartotojas atsisako priimti slapukus savo \u012frenginyje ar nar\u0161ykl\u0117je arba i\u0161trina juose u\u017eregistruotus slapukus, Vartotojas informuojamas, kad jo nar\u0161ymas ir patirtis svetain\u0117je gali b\u016bti ribota. Taip gali atsitikti ir tada, kai &#8222;Innotrope&#8221; arba vienas i\u0161 jos paslaug\u0173 teik\u0117j\u0173 techninio suderinamumo tikslais negali atpa\u017einti terminalo naudojamos nar\u0161ykl\u0117s tipo, kalbos ir ekrano nustatym\u0173 arba \u0161alies, i\u0161 kurios terminalas yra prisijung\u0119s prie interneto. Prireikus &#8222;Innotrope&#8221; atsisako bet kokios atsakomyb\u0117s u\u017e pasekmes, susijusias su pablog\u0117jusiu svetain\u0117s veikimu.<\/p>\n<p><a href=\"personal-data-management\" title=\"Nuoroda \u012f Asmens duomen\u0173 valdymo puslap\u012f\">Daugiau apie Asmens duomen\u0173 valdym\u0105  <\/a><\/p>\n<h3>Taikytina teis\u0117 ir jurisdikcijos nustatymas<\/h3>\n<p>\u0160iuo atveju taikoma Pranc\u016bzijos teis\u0117. Bet kokio gin\u010do atveju i\u0161imtin\u0117 kompetencija priklauso Pary\u017eiaus (Pranc\u016bzija) apeliacinio teismo jurisdikcijai priklausantiems kompetentingiems teismams. Did\u017eioji dalis interneto svetain\u0117s SMARTWINS-PROJECT.EU turinio pateikiama pranc\u016bz\u0173 ir angl\u0173 kalbomis. Kilus gin\u010dui, teisi\u0161kai galiojanti ir privaloma bus tik angl\u0173 kalba.<\/p>\n<h3>Atsakomyb\u0117s apribojimas<\/h3>\n<p>&#8222;Innotrope&#8221; pri\u017ei\u016bri \u0161i\u0105 svetain\u0119, kad visuomenei b\u016bt\u0173 lengviau susipa\u017einti su informacija apie projekt\u0105 &#8222;SmartWins&#8221;. Siekiame, kad \u0161i informacija b\u016bt\u0173 pateikiama laiku ir tiksliai. Jei mums bus prane\u0161ta apie klaidas, pasistengsime jas i\u0161taisyti. Ta\u010diau &#8222;Innotrope&#8221; negali b\u016bti atsakinga u\u017e \u0161ioje svetain\u0117je pateikt\u0105 informacij\u0105.<br \/>\u0160i informacija yra:<\/p>\n<ul>\n<li>yra tik bendro pob\u016bd\u017eio ir n\u0117ra skirtas konkre\u010dioms konkretaus asmens ar subjekto aplinkyb\u0117ms aptarti.<\/li>\n<li>neb\u016btinai i\u0161sam\u016bs, i\u0161sam\u016bs, tiksl\u016bs ar naujausi.<\/li>\n<li>kartais nuorodos \u012f i\u0161orines svetaines, kuri\u0173 &#8222;Innotrope&#8221; nekontroliuoja ir u\u017e kurias neprisiima jokios atsakomyb\u0117s.<\/li>\n<li>n\u0117ra profesin\u0117 ar teisin\u0117 konsultacija.<\/li>\n<\/ul>\n<p>\u0160is atsakomyb\u0117s atsisakymas n\u0117ra skirtas apriboti &#8222;Innotrope&#8221; atsakomyb\u0119 pa\u017eeid\u017eiant bet kokius taikytinos nacionalin\u0117s teis\u0117s reikalavimus ar panaikinti jos atsakomyb\u0119 u\u017e dalykus, kurie pagal t\u0105 teis\u0119 negali b\u016bti pa\u0161alinti.<\/p>\n<p>[\/et_pb_text][\/et_pb_column][\/et_pb_row][\/et_pb_section][et_pb_section fb_built=&#8221;1&#8243; admin_label=&#8221;Promo Section&#8221; _builder_version=&#8221;4.19.1&#8243; background_color=&#8221;rgba(0,0,0,0.5)&#8221; background_image=&#8221;http:\/\/smartwins-project.eu\/wp-content\/uploads\/2022\/12\/AdobeStock_464993283_Preview.jpeg&#8221; background_blend=&#8221;color&#8221; custom_padding=&#8221;120px||120px|&#8221; global_colors_info=&#8221;{}&#8221;][et_pb_row _builder_version=&#8221;4.16&#8243; background_size=&#8221;initial&#8221; background_position=&#8221;top_left&#8221; background_repeat=&#8221;repeat&#8221; custom_margin=&#8221;|||&#8221; global_colors_info=&#8221;{}&#8221;][et_pb_column type=&#8221;4_4&#8243; _builder_version=&#8221;4.16&#8243; custom_padding=&#8221;|||&#8221; global_colors_info=&#8221;{}&#8221; custom_padding__hover=&#8221;|||&#8221;][et_pb_text admin_label=&#8221;CTA Section Subtitle&#8221; _builder_version=&#8221;4.16&#8243; text_font=&#8221;Roboto|on||on|&#8221; text_font_size=&#8221;24px&#8221; text_letter_spacing=&#8221;4px&#8221; background_size=&#8221;initial&#8221; background_position=&#8221;top_left&#8221; background_repeat=&#8221;repeat&#8221; background_layout=&#8221;dark&#8221; module_alignment=&#8221;center&#8221; animation_style=&#8221;zoom&#8221; animation_direction=&#8221;left&#8221; animation_intensity_zoom=&#8221;20%&#8221; global_colors_info=&#8221;{}&#8221;]<\/p>\n<p>M\u016bs\u0173 naujienlai\u0161kis<\/p>\n<p>[\/et_pb_text][et_pb_divider color=&#8221;#ffffff&#8221; divider_position=&#8221;center&#8221; divider_weight=&#8221;3px&#8221; disabled_on=&#8221;on|on|off%22%22&#8243; _builder_version=&#8221;4.16&#8243; max_width=&#8221;150px&#8221; module_alignment=&#8221;left&#8221; height=&#8221;false&#8221; animation_style=&#8221;zoom&#8221; animation_direction=&#8221;left&#8221; animation_delay=&#8221;200ms&#8221; animation_intensity_zoom=&#8221;20%&#8221; locked=&#8221;off&#8221; global_colors_info=&#8221;{}&#8221;][\/et_pb_divider][et_pb_signup mailchimp_list=&#8221;add_new_account&#8221; mailchimp_account_name=&#8221;MailChimp&#8221; mailchimp_api_key=&#8221;1966a708e774d461b78dc8dc4ee61c21-us8&#8243; name_field=&#8221;on&#8221; title=&#8221;Palaikykite ry\u0161\u012f&#8221; description=&#8221;<\/p>\n<p>Lorem ipsum<\/p>\n<p>&#8221; _builder_version=&#8221;4.19.1&#8243; header_font=&#8221;Oswald|on||on|&#8221; header_font_size=&#8221;60px&#8221; body_font=&#8221;Roboto||||&#8221; body_font_size=&#8221;16px&#8221; body_line_height=&#8221;1.8em&#8221; use_background_color=&#8221;off&#8221; custom_button=&#8221;on&#8221; button_bg_color=&#8221;#DB440A&#8221; button_border_color=&#8221;#ed4441&#8243; button_border_radius=&#8221;0px&#8221; button_letter_spacing=&#8221;4px&#8221; button_font=&#8221;Oswald|on||on|&#8221; button_icon=&#8221;&#x24;||divi||400&#8243; button_icon_color=&#8221;#ffffff&#8221; animation_style=&#8221;fold&#8221; animation_direction=&#8221;top&#8221; animation_delay=&#8221;200ms&#8221; button_border_color_hover=&#8221;#ffffff&#8221; button_border_radius_hover=&#8221;0px&#8221; button_letter_spacing_hover=&#8221;4px&#8221; button_bg_color_hover=&#8221;rgba(0,0,0,0)&#8221; locked=&#8221;off&#8221; global_colors_info=&#8221;{}&#8221; button_text_size__hover_enabled=&#8221;off&#8221; button_one_text_size__hover_enabled=&#8221;off&#8221; button_two_text_size__hover_enabled=&#8221;off&#8221; button_text_color__hover_enabled=&#8221;off&#8221; button_one_text_color__hover_enabled=&#8221;off&#8221; button_two_text_color__hover_enabled=&#8221;off&#8221; button_border_width__hover_enabled=&#8221;off&#8221; button_one_border_width__hover_enabled=&#8221;off&#8221; button_two_border_width__hover_enabled=&#8221;off&#8221; button_border_color__hover_enabled=&#8221;on&#8221; button_border_color__hover=&#8221;#ffffff&#8221; button_one_border_color__hover_enabled=&#8221;off&#8221; button_two_border_color__hover_enabled=&#8221;off&#8221; button_border_radius__hover_enabled=&#8221;on&#8221; button_border_radius__hover=&#8221;0px&#8221; button_one_border_radius__hover_enabled=&#8221;off&#8221; button_two_border_radius__hover_enabled=&#8221;off&#8221; button_letter_spacing__hover_enabled=&#8221;on&#8221; button_letter_spacing__hover=&#8221;4px&#8221; button_one_letter_spacing__hover_enabled=&#8221;off&#8221; button_two_letter_spacing__hover_enabled=&#8221;off&#8221; button_bg_color__hover_enabled=&#8221;on&#8221; button_bg_color__hover=&#8221;rgba(0,0,0,0)&#8221; button_one_bg_color__hover_enabled=&#8221;off&#8221; button_two_bg_color__hover_enabled=&#8221;off&#8221;] Yra daugyb\u0117 &#8222;Lorem Ipsum&#8221; i\u0161trauk\u0173 variant\u0173, ta\u010diau dauguma j\u0173 yra ka\u017ekiek pakeistos, \u012f jas \u012fterpta humoro ar atsitiktinai parinkt\u0173 \u017eod\u017ei\u0173, kurie neatrodo net \u0161iek tiek tikrovi\u0161kai. Jei ketinate naudoti &#8222;Lorem Ipsum&#8221; i\u0161trauk\u0105. [\/et_pb_signup][\/et_pb_column][\/et_pb_row][\/et_pb_section]<\/p>\n","protected":false},"excerpt":{"rendered":"<p>Teisinis prane\u0161imasSvetain\u0117s pristatymas Interneto svetain\u0117 &#8222;SMARTWINS-PROJECT.EU&#8221; yra &#8222;Innotrope&#8221;, supaprastintos ribotos atsakomyb\u0117s bendrov\u0117s su vieninteliu akcininku, kurios \u012fstatinis kapitalas yra 7500 eur\u0173, PVM mok\u0117tojo kodas: FR08825333164, kurios registruota buvein\u0117 yra adresu 21, rue Jean Rostand, 91400, Orsay, Pranc\u016bzija. Leidybos direktorius : Julien Sudre Tinklalapio valdytojas : contact@innotrope.com \u017diniatinklio prieglobos tarnyba: OVH &#8211; 2 rue Kellermann, 59100 [&hellip;]<\/p>\n","protected":false},"author":3,"featured_media":0,"parent":0,"menu_order":0,"comment_status":"closed","ping_status":"closed","template":"","meta":{"_et_pb_use_builder":"on","_et_pb_old_content":"","_et_gb_content_width":"","footnotes":""},"class_list":["post-1019","page","type-page","status-publish","hentry"],"_links":{"self":[{"href":"https:\/\/smartwins-project.eu\/lt\/wp-json\/wp\/v2\/pages\/1019","targetHints":{"allow":["GET"]}}],"collection":[{"href":"https:\/\/smartwins-project.eu\/lt\/wp-json\/wp\/v2\/pages"}],"about":[{"href":"https:\/\/smartwins-project.eu\/lt\/wp-json\/wp\/v2\/types\/page"}],"author":[{"embeddable":true,"href":"https:\/\/smartwins-project.eu\/lt\/wp-json\/wp\/v2\/users\/3"}],"replies":[{"embeddable":true,"href":"https:\/\/smartwins-project.eu\/lt\/wp-json\/wp\/v2\/comments?post=1019"}],"version-history":[{"count":6,"href":"https:\/\/smartwins-project.eu\/lt\/wp-json\/wp\/v2\/pages\/1019\/revisions"}],"predecessor-version":[{"id":1088,"href":"https:\/\/smartwins-project.eu\/lt\/wp-json\/wp\/v2\/pages\/1019\/revisions\/1088"}],"wp:attachment":[{"href":"https:\/\/smartwins-project.eu\/lt\/wp-json\/wp\/v2\/media?parent=1019"}],"curies":[{"name":"wp","href":"https:\/\/api.w.org\/{rel}","templated":true}]}}