{"id":997,"date":"2023-01-05T16:35:18","date_gmt":"2023-01-05T15:35:18","guid":{"rendered":"https:\/\/smartwins-project.eu\/avviso-legale\/"},"modified":"2023-10-17T14:45:12","modified_gmt":"2023-10-17T12:45:12","slug":"avviso-legale","status":"publish","type":"page","link":"https:\/\/smartwins-project.eu\/it\/avviso-legale\/","title":{"rendered":"Avviso legale"},"content":{"rendered":"<p>[et_pb_section fb_built=&#8221;1&#8243; custom_padding_last_edited=&#8221;on|phone&#8221; admin_label=&#8221;Shop&#8221; _builder_version=&#8221;4.16&#8243; custom_padding=&#8221;50px||70px|||&#8221; custom_padding_tablet=&#8221;60px||0px|&#8221; custom_padding_phone=&#8221;&#8221; global_colors_info=&#8221;{}&#8221;][et_pb_row custom_padding_last_edited=&#8221;on|phone&#8221; admin_label=&#8221;Titolo del negozio&#8221; _builder_version=&#8221;4.16&#8243; background_size=&#8221;initial&#8221; background_position=&#8221;top_left&#8221; background_repeat=&#8221;repeat&#8221; custom_padding=&#8221;30px|0px|50px|0px||&#8221; custom_padding_tablet=&#8221;0px||0px|&#8221; custom_padding_phone=&#8221;&#8221; global_colors_info=&#8221;{}&#8221;][et_pb_column type=&#8221;4_4&#8243; _builder_version=&#8221;4.16&#8243; custom_padding=&#8221;|||&#8221; global_colors_info=&#8221;{}&#8221; custom_padding__hover=&#8221;|||&#8221;][et_pb_text admin_label=&#8221;Look Inside Title&#8221; _builder_version=&#8221;4.16&#8243; text_text_color=&#8221;#1a1a1a&#8221; header_font=&#8221;Oswald|on||on|&#8221; header_text_align=&#8221;center&#8221; header_font_size=&#8221;60px&#8221; header_line_height=&#8221;1.3em&#8221; background_size=&#8221;initial&#8221; background_position=&#8221;top_left&#8221; background_repeat=&#8221;repeat&#8221; max_width=&#8221;450px&#8221; module_alignment=&#8221;center&#8221; custom_margin=&#8221;|||&#8221; custom_padding=&#8221;|||&#8221; animation_style=&#8221;slide&#8221; animation_direction=&#8221;top&#8221; animation_intensity_slide=&#8221;10%&#8221; locked=&#8221;off&#8221; global_colors_info=&#8221;{}&#8221;]<\/p>\n<h1>Avviso legale<\/h1>\n<p>[\/et_pb_text][et_pb_divider color=&#8221;#ed4441&#8243; divider_position=&#8221;center&#8221; divider_weight=&#8221;3px&#8221; disabled_on=&#8221;off|off|off%22%22&#8243; _builder_version=&#8221;4.16&#8243; max_width=&#8221;150px&#8221; module_alignment=&#8221;center&#8221; height=&#8221;false&#8221; custom_margin=&#8221;30px|||&#8221; animation_style=&#8221;slide&#8221; animation_direction=&#8221;top&#8221; animation_delay=&#8221;100ms&#8221; animation_intensity_slide=&#8221;10%&#8221; locked=&#8221;off&#8221; global_colors_info=&#8221;{}&#8221;][\/et_pb_divider][et_pb_text _builder_version=&#8221;4.19.1&#8243; _module_preset=&#8221;default&#8221; text_font=&#8221;Roboto||||||||&#8221; text_font_size=&#8221;16px&#8221; text_line_height=&#8221;1.9em&#8221; header_3_font=&#8221;Roboto||||||||&#8221; header_3_text_align=&#8221;left&#8221; header_3_text_color=&#8221;#1a1a1a&#8221; header_3_font_size=&#8221;24px&#8221; header_3_line_height=&#8221;1.4em&#8221; global_colors_info=&#8221;{}&#8221;]<\/p>\n<h3>Presentazione del sito web<\/h3>\n<p>Il sito web &#8220;SMARTWINS-PROJECT.EU&#8221; \u00e8 di propriet\u00e0 di Innotrope, societ\u00e0 a responsabilit\u00e0 limitata semplificata con socio unico e capitale sociale di 7.500 euro, partita IVA: FR08825333164, con sede legale in 21, rue Jean Rostand, 91400, Orsay, Francia.<\/p>\n<ul>\n<li>Direttore editoriale : Julien Sudre<\/li>\n<li>Webmaster : contact@innotrope.com<\/li>\n<li>Web host: OVH &#8211; 2 rue Kellermann, 59100 Roubaix<\/li>\n<li>Responsabile della protezione dei dati: contact@innotrope.com<\/li>\n<\/ul>\n<h3>Condizioni generali di utilizzo<\/h3>\n<p>Il sito web &#8220;SMARTWINS-PROJECT.EU&#8221; \u00e8 un&#8217;opera intellettuale protetta ai sensi del Codice della Propriet\u00e0 Intellettuale francese (Code de la Propri\u00e9t\u00e9 Intellectuelle).<\/p>\n<p>L&#8217;utente di Internet (di seguito denominato &#8220;Utente&#8221;) non pu\u00f2 in alcun modo riutilizzare, trasferire o sfruttare a proprio vantaggio tutti o parte degli elementi o delle opere contenute in questo sito web. La navigazione sul sito web &#8220;SMARTWINS-PROJECT.EU&#8221; implica la piena e completa accettazione dei termini e delle condizioni generali di utilizzo di seguito descritti. Le presenti condizioni di utilizzo possono essere modificate o emendate in qualsiasi momento e gli utenti del sito sono pertanto invitati a consultarle regolarmente. Questo sito web \u00e8 normalmente accessibile agli Utenti in qualsiasi momento. Tuttavia, Innotrope potrebbe decidere di interrompere il servizio per motivi di manutenzione tecnica, e Innotrope cercher\u00e0 di informare gli Utenti in anticipo. Innotrope non pu\u00f2 essere ritenuta responsabile per qualsiasi danno diretto o indiretto che possa derivare dall&#8217;accesso o dall&#8217;utilizzo del proprio sito web, inclusi l&#8217;inaccessibilit\u00e0, la perdita di dati, il danneggiamento, la distruzione o i virus che possono colpire l&#8217;attrezzatura informatica dell&#8217;Utente, e\/o la presenza di virus sul proprio sito web.<\/p>\n<h3>Scopo del sito<\/h3>\n<p>Lo scopo del sito web \u00e8 fornire informazioni sul progetto SmartWins. Innotrope si impegna a fornire informazioni il pi\u00f9 possibile accurate sul sito web &#8220;SMARTWINS-PROJECT.EU&#8221;. Tuttavia, non pu\u00f2 essere ritenuta responsabile di omissioni, imprecisioni e carenze incluse negli aggiornamenti. Tutte le informazioni riportate sul sito web &#8220;SMARTWINS-PROJECT.EU&#8221;: sono fornite a titolo indicativo, sono suscettibili di modifica e non sono n\u00e9 esaustive n\u00e9 vincolanti e sono soggette alle modifiche apportate dopo la messa online.<\/p>\n<h3>Propriet\u00e0 intellettuale e copyright<\/h3>\n<p>Tutti i diritti di propriet\u00e0 intellettuale sono di propriet\u00e0 di Innotrope, oltre a tutti gli elementi accessibili sul sito web, compresi testi, immagini, grafici, loghi, video, icone e suoni. \u00c8 vietata la riproduzione, la rappresentazione, la modifica, la pubblicazione, l&#8217;adattamento di tutti o parte degli elementi del sito, con qualsiasi mezzo o processo, a meno che non sia stata ottenuta un&#8217;autorizzazione scritta da parte di Innotrope. Nell&#8217;ambito di tale autorizzazione, il richiedente \u00e8 tenuto a citare la fonte e Innotrope non potr\u00e0 essere ritenuta responsabile dell&#8217;uso che quest&#8217;ultima far\u00e0 del contenuto riconosciuto. Qualsiasi uso non autorizzato del sito o di qualsiasi elemento in esso contenuto sar\u00e0 considerato una violazione del copyright. Tale uso sar\u00e0 perseguito in conformit\u00e0 alle disposizioni degli articoli L. 335-2 e seguenti. del Codice della Propriet\u00e0 Intellettuale francese (Code de Propri\u00e9t\u00e9 Intellectuelle)<\/p>\n<h3>Biscotti<\/h3>\n<p>Un &#8220;cookie&#8221; \u00e8 un piccolo file di dati inviato dall&#8217;Utente al browser dell&#8217;Utente e memorizzato sul terminale dell&#8217;Utente (ad es. computer, smartphone). I cookie non possono danneggiare in alcun modo il terminale dell&#8217;Utente. \u00c8 probabile che Innotrope elabori le informazioni dell&#8217;Utente relative alla sua visita al sito, come le pagine consultate e le ricerche effettuate. Queste informazioni consentono a Innotrope di migliorare il contenuto del sito e la navigazione dell&#8217;Utente. Se l&#8217;Utente rifiuta di accettare i cookie nel proprio dispositivo o browser, o se cancella i cookie ivi registrati, l&#8217;Utente \u00e8 informato che la sua navigazione e la sua esperienza sul sito potrebbero essere limitate. Questo potrebbe anche accadere quando Innotrope o uno dei suoi fornitori di servizi non \u00e8 in grado di riconoscere, per motivi di compatibilit\u00e0 tecnica, il tipo di browser utilizzato dal terminale, le impostazioni della lingua e del display o il paese da cui il terminale sembra essere connesso a Internet. Se necessario, Innotrope declina ogni responsabilit\u00e0 per le conseguenze legate al funzionamento degradato del sito.<\/p>\n<p><a href=\"personal-data-management\" title=\"Link alla pagina di gestione dei dati personali\">Ulteriori informazioni sulla gestione dei dati personali  <\/a><\/p>\n<h3>Legge applicabile e attribuzione della giurisdizione<\/h3>\n<p>In questo caso, la legge applicabile \u00e8 quella francese. Per qualsiasi controversia, l&#8217;autorit\u00e0 esclusiva spetta ai tribunali competenti nell&#8217;ambito della giurisdizione della Corte d&#8217;Appello di Parigi (Francia). La maggior parte dei contenuti online inclusi nel sito web &#8220;SMARTWINS-PROJECT.EU&#8221; \u00e8 disponibile in francese e inglese. In caso di controversia, solo la lingua inglese sar\u00e0 legalmente valida e vincolante.<\/p>\n<h3>Dichiarazione di non responsabilit\u00e0<\/h3>\n<p>Innotrope gestisce questo sito web per migliorare l&#8217;accesso del pubblico alle informazioni sul progetto SmartWins. Il nostro obiettivo \u00e8 quello di mantenere queste informazioni tempestive e accurate. Se ci vengono segnalati degli errori, cercheremo di correggerli. Tuttavia, Innotrope non pu\u00f2 essere ritenuta responsabile delle informazioni contenute in questo sito.<br \/>Queste informazioni sono:<\/p>\n<ul>\n<li>di natura esclusivamente generale e non \u00e8 destinato ad affrontare le circostanze specifiche di un individuo o di un&#8217;entit\u00e0 particolare.<\/li>\n<li>non necessariamente esauriente, completo, accurato o aggiornato<\/li>\n<li>talvolta collegati a siti esterni sui quali Innotrope non ha alcun controllo e per i quali non si assume alcuna responsabilit\u00e0<\/li>\n<li>non \u00e8 una consulenza professionale o legale<\/li>\n<\/ul>\n<p>La presente clausola di esclusione della responsabilit\u00e0 non ha lo scopo di limitare la responsabilit\u00e0 di Innotrope in violazione di eventuali requisiti stabiliti dalla legge nazionale applicabile n\u00e9 di escludere la sua responsabilit\u00e0 per questioni che non possono essere escluse ai sensi di tale legge.<\/p>\n<p>[\/et_pb_text][\/et_pb_column][\/et_pb_row][\/et_pb_section][et_pb_section fb_built=&#8221;1&#8243; admin_label=&#8221;Promo Section&#8221; _builder_version=&#8221;4.19.1&#8243; background_color=&#8221;rgba(0,0,0,0.5)&#8221; background_image=&#8221;http:\/\/smartwins-project.eu\/wp-content\/uploads\/2022\/12\/AdobeStock_464993283_Preview.jpeg&#8221; background_blend=&#8221;color&#8221; custom_padding=&#8221;120px||120px|&#8221; global_colors_info=&#8221;{}&#8221;][et_pb_row _builder_version=&#8221;4.16&#8243; background_size=&#8221;initial&#8221; background_position=&#8221;top_left&#8221; background_repeat=&#8221;repeat&#8221; custom_margin=&#8221;|||&#8221; global_colors_info=&#8221;{}&#8221;][et_pb_column type=&#8221;4_4&#8243; _builder_version=&#8221;4.16&#8243; custom_padding=&#8221;|||&#8221; global_colors_info=&#8221;{}&#8221; custom_padding__hover=&#8221;|||&#8221;][et_pb_text admin_label=&#8221;CTA Section Subtitle&#8221; _builder_version=&#8221;4.16&#8243; text_font=&#8221;Roboto|on||on|&#8221; text_font_size=&#8221;24px&#8221; text_letter_spacing=&#8221;4px&#8221; background_size=&#8221;initial&#8221; background_position=&#8221;top_left&#8221; background_repeat=&#8221;repeat&#8221; background_layout=&#8221;dark&#8221; module_alignment=&#8221;center&#8221; animation_style=&#8221;zoom&#8221; animation_direction=&#8221;left&#8221; animation_intensity_zoom=&#8221;20%&#8221; global_colors_info=&#8221;{}&#8221;]<\/p>\n<p>La nostra newsletter<\/p>\n<p>[\/et_pb_text][et_pb_divider color=&#8221;#ffffff&#8221; divider_position=&#8221;center&#8221; divider_weight=&#8221;3px&#8221; disabled_on=&#8221;on|on|off%22%22&#8243; _builder_version=&#8221;4.16&#8243; max_width=&#8221;150px&#8221; module_alignment=&#8221;left&#8221; height=&#8221;false&#8221; animation_style=&#8221;zoom&#8221; animation_direction=&#8221;left&#8221; animation_delay=&#8221;200ms&#8221; animation_intensity_zoom=&#8221;20%&#8221; locked=&#8221;off&#8221; global_colors_info=&#8221;{}&#8221;][\/et_pb_divider][et_pb_signup mailchimp_list=&#8221;add_new_account&#8221; mailchimp_account_name=&#8221;MailChimp&#8221; mailchimp_api_key=&#8221;1966a708e774d461b78dc8dc4ee61c21-us8&#8243; name_field=&#8221;on&#8221; title=&#8221;Rimanere in contatto&#8221; description=&#8221;<\/p>\n<p>Lorem ipsum<\/p>\n<p>&#8221; _builder_version=&#8221;4.19.1&#8243; header_font=&#8221;Oswald|on||on|&#8221; header_font_size=&#8221;60px&#8221; body_font=&#8221;Roboto||||&#8221; body_font_size=&#8221;16px&#8221; body_line_height=&#8221;1.8em&#8221; use_background_color=&#8221;off&#8221; custom_button=&#8221;on&#8221; button_bg_color=&#8221;#DB440A&#8221; button_border_color=&#8221;#ed4441&#8243; button_border_radius=&#8221;0px&#8221; button_letter_spacing=&#8221;4px&#8221; button_font=&#8221;Oswald|on||on|&#8221; button_icon=&#8221;&#x24;||divi||400&#8243; button_icon_color=&#8221;#ffffff&#8221; animation_style=&#8221;fold&#8221; animation_direction=&#8221;top&#8221; animation_delay=&#8221;200ms&#8221; button_border_color_hover=&#8221;#ffffff&#8221; button_border_radius_hover=&#8221;0px&#8221; button_letter_spacing_hover=&#8221;4px&#8221; button_bg_color_hover=&#8221;rgba(0,0,0,0)&#8221; locked=&#8221;off&#8221; global_colors_info=&#8221;{}&#8221; button_text_size__hover_enabled=&#8221;off&#8221; button_one_text_size__hover_enabled=&#8221;off&#8221; button_two_text_size__hover_enabled=&#8221;off&#8221; button_text_color__hover_enabled=&#8221;off&#8221; button_one_text_color__hover_enabled=&#8221;off&#8221; button_two_text_color__hover_enabled=&#8221;off&#8221; button_border_width__hover_enabled=&#8221;off&#8221; button_one_border_width__hover_enabled=&#8221;off&#8221; button_two_border_width__hover_enabled=&#8221;off&#8221; button_border_color__hover_enabled=&#8221;on&#8221; button_border_color__hover=&#8221;#ffffff&#8221; button_one_border_color__hover_enabled=&#8221;off&#8221; button_two_border_color__hover_enabled=&#8221;off&#8221; button_border_radius__hover_enabled=&#8221;on&#8221; button_border_radius__hover=&#8221;0px&#8221; button_one_border_radius__hover_enabled=&#8221;off&#8221; button_two_border_radius__hover_enabled=&#8221;off&#8221; button_letter_spacing__hover_enabled=&#8221;on&#8221; button_letter_spacing__hover=&#8221;4px&#8221; button_one_letter_spacing__hover_enabled=&#8221;off&#8221; button_two_letter_spacing__hover_enabled=&#8221;off&#8221; button_bg_color__hover_enabled=&#8221;on&#8221; button_bg_color__hover=&#8221;rgba(0,0,0,0)&#8221; button_one_bg_color__hover_enabled=&#8221;off&#8221; button_two_bg_color__hover_enabled=&#8221;off&#8221;] Esistono molte varianti di brani di Lorem Ipsum, ma la maggior parte di essi \u00e8 stata alterata in qualche modo, con l&#8217;aggiunta di umorismo o di parole casuali che non sembrano nemmeno lontanamente credibili. Se si intende utilizzare un passaggio del Lorem Ipsum. [\/et_pb_signup][\/et_pb_column][\/et_pb_row][\/et_pb_section]<\/p>\n","protected":false},"excerpt":{"rendered":"<p>Avviso legalePresentazione del sito web Il sito web &#8220;SMARTWINS-PROJECT.EU&#8221; \u00e8 di propriet\u00e0 di Innotrope, societ\u00e0 a responsabilit\u00e0 limitata semplificata con socio unico e capitale sociale di 7.500 euro, partita IVA: FR08825333164, con sede legale in 21, rue Jean Rostand, 91400, Orsay, Francia. Direttore editoriale : Julien Sudre Webmaster : contact@innotrope.com Web host: OVH &#8211; 2 [&hellip;]<\/p>\n","protected":false},"author":3,"featured_media":0,"parent":0,"menu_order":0,"comment_status":"closed","ping_status":"closed","template":"","meta":{"_et_pb_use_builder":"on","_et_pb_old_content":"","_et_gb_content_width":"","footnotes":""},"class_list":["post-997","page","type-page","status-publish","hentry"],"_links":{"self":[{"href":"https:\/\/smartwins-project.eu\/it\/wp-json\/wp\/v2\/pages\/997","targetHints":{"allow":["GET"]}}],"collection":[{"href":"https:\/\/smartwins-project.eu\/it\/wp-json\/wp\/v2\/pages"}],"about":[{"href":"https:\/\/smartwins-project.eu\/it\/wp-json\/wp\/v2\/types\/page"}],"author":[{"embeddable":true,"href":"https:\/\/smartwins-project.eu\/it\/wp-json\/wp\/v2\/users\/3"}],"replies":[{"embeddable":true,"href":"https:\/\/smartwins-project.eu\/it\/wp-json\/wp\/v2\/comments?post=997"}],"version-history":[{"count":8,"href":"https:\/\/smartwins-project.eu\/it\/wp-json\/wp\/v2\/pages\/997\/revisions"}],"predecessor-version":[{"id":1087,"href":"https:\/\/smartwins-project.eu\/it\/wp-json\/wp\/v2\/pages\/997\/revisions\/1087"}],"wp:attachment":[{"href":"https:\/\/smartwins-project.eu\/it\/wp-json\/wp\/v2\/media?parent=997"}],"curies":[{"name":"wp","href":"https:\/\/api.w.org\/{rel}","templated":true}]}}