{"id":982,"date":"2023-01-05T16:43:04","date_gmt":"2023-01-05T15:43:04","guid":{"rendered":"https:\/\/smartwins-project.eu\/gestione-dei-dati-personali\/"},"modified":"2023-10-17T14:45:13","modified_gmt":"2023-10-17T12:45:13","slug":"gestione-dei-dati-personali","status":"publish","type":"page","link":"https:\/\/smartwins-project.eu\/it\/gestione-dei-dati-personali\/","title":{"rendered":"Gestione dei dati personali"},"content":{"rendered":"<p>[et_pb_section fb_built=&#8221;1&#8243; custom_padding_last_edited=&#8221;on|phone&#8221; admin_label=&#8221;Shop&#8221; _builder_version=&#8221;4.16&#8243; custom_padding=&#8221;50px||70px|||&#8221; custom_padding_tablet=&#8221;60px||0px|&#8221; custom_padding_phone=&#8221;&#8221; global_colors_info=&#8221;{}&#8221;][et_pb_row custom_padding_last_edited=&#8221;on|phone&#8221; admin_label=&#8221;Titolo del negozio&#8221; _builder_version=&#8221;4.16&#8243; background_size=&#8221;initial&#8221; background_position=&#8221;top_left&#8221; background_repeat=&#8221;repeat&#8221; custom_padding=&#8221;30px|0px|50px|0px||&#8221; custom_padding_tablet=&#8221;0px||0px|&#8221; custom_padding_phone=&#8221;&#8221; global_colors_info=&#8221;{}&#8221;][et_pb_column type=&#8221;4_4&#8243; _builder_version=&#8221;4.16&#8243; custom_padding=&#8221;|||&#8221; global_colors_info=&#8221;{}&#8221; custom_padding__hover=&#8221;|||&#8221;][et_pb_text admin_label=&#8221;Look Inside Title&#8221; _builder_version=&#8221;4.16&#8243; text_text_color=&#8221;#1a1a1a&#8221; header_font=&#8221;Oswald|on||on|&#8221; header_text_align=&#8221;center&#8221; header_font_size=&#8221;60px&#8221; header_line_height=&#8221;1.3em&#8221; background_size=&#8221;initial&#8221; background_position=&#8221;top_left&#8221; background_repeat=&#8221;repeat&#8221; max_width=&#8221;450px&#8221; module_alignment=&#8221;center&#8221; custom_margin=&#8221;|||&#8221; custom_padding=&#8221;|||&#8221; animation_style=&#8221;slide&#8221; animation_direction=&#8221;top&#8221; animation_intensity_slide=&#8221;10%&#8221; locked=&#8221;off&#8221; global_colors_info=&#8221;{}&#8221;]<\/p>\n<h1>Gestione dei dati personali<\/h1>\n<p>[\/et_pb_text][et_pb_divider color=&#8221;#ed4441&#8243; divider_position=&#8221;center&#8221; divider_weight=&#8221;3px&#8221; disabled_on=&#8221;off|off|off%22%22&#8243; _builder_version=&#8221;4.16&#8243; max_width=&#8221;150px&#8221; module_alignment=&#8221;center&#8221; height=&#8221;false&#8221; custom_margin=&#8221;30px|||&#8221; animation_style=&#8221;slide&#8221; animation_direction=&#8221;top&#8221; animation_delay=&#8221;100ms&#8221; animation_intensity_slide=&#8221;10%&#8221; locked=&#8221;off&#8221; global_colors_info=&#8221;{}&#8221;][\/et_pb_divider][et_pb_text _builder_version=&#8221;4.19.1&#8243; _module_preset=&#8221;default&#8221; text_font=&#8221;Roboto||||||||&#8221; text_font_size=&#8221;16px&#8221; text_line_height=&#8221;1.9em&#8221; header_font=&#8221;||||||||&#8221; header_text_color=&#8221;#1a1a1a&#8221; hover_enabled=&#8221;0&#8243; sticky_enabled=&#8221;0&#8243; header_3_font=&#8221;Roboto||||||||&#8221; header_3_text_color=&#8221;#1a1a1a&#8221; header_3_line_height=&#8221;1.4em&#8221; header_3_font_size=&#8221;24px&#8221;]<\/p>\n<h3>Cookie di misurazione dell&#8217;audience &#8211; Matomo<\/h3>\n<p>Questi cookie consentono al sito di funzionare in modo ottimale. L&#8217;utente pu\u00f2 rifiutarli e cancellarli utilizzando le impostazioni del browser, ma la sua esperienza d&#8217;uso potrebbe risultare compromessa.<\/p>\n<ul>\n<li>_pk_testcookie: Permette di sapere se il browser accetta i cookie, viene mantenuto per 30 minuti.<\/li>\n<li>_pk_ses, _pk_cvar e _pk_hs: Identifica le pagine visitate durante una sessione, conservate per 30 minuti.<\/li>\n<li>_pk_id#: utilizzato per riconoscere i visitatori tra loro e quindi conoscere il numero di visitatori unici, conservato 13 mesi<\/li>\n<\/ul>\n<p>Raccogliamo inoltre l&#8217;indirizzo IP dell&#8217;utente per determinare la citt\u00e0 da cui si \u00e8 collegato. Questo indirizzo viene immediatamente anonimizzato dopo l&#8217;uso. Innotrope non pu\u00f2 quindi in alcun modo ricondurlo a una persona fisica.<br \/>Il tracciamento Matomo \u00e8 imposto a tutti i visitatori del sito, ma \u00e8 impostato in modo da garantire il completo anonimato.<br \/>I dati personali raccolti (identificativo del cookie) vengono conservati da Innotrope per un periodo di 13 mesi. Non vengono trasferiti a terzi n\u00e9 utilizzati per altri scopi.<\/p>\n<h3>Gestione dei dati personali<\/h3>\n<p>Innotrope tratta alcuni dei vostri dati raccolti sul proprio sito web attraverso i vari moduli di contatto messi a disposizione.<br \/>Innotrope Le fornisce di seguito le informazioni cui ha diritto ai sensi del Regolamento (UE) 2016\/679 del Parlamento Europeo e del Consiglio del 27 aprile 2016, relativo alla protezione delle persone fisiche con riguardo al trattamento dei dati personali, nonch\u00e9 alla libera circolazione di tali dati e che abroga la direttiva 95\/46\/CE, noto come &#8220;Regolamento generale sulla protezione dei dati&#8221; o &#8220;GDPR&#8221;.<\/p>\n<p><strong>Oggetti del trattamento dei dati<\/strong><\/p>\n<p>Innotrope, con sede legale in 21, rue Jean Rostand 91400, Orsay, Francia, la &#8220;Societ\u00e0&#8221;, gestisce il trattamento dei dati personali finalizzato alla gestione delle richieste pervenute sul sito web della Societ\u00e0.<br \/>Consente alla Societ\u00e0 di:<\/p>\n<ul>\n<li>Rispondere alle richieste generali ricevute tramite il modulo di contatto;<\/li>\n<li>Gestire le richieste di seminari o webinar (registrazione, organizzazione, ecc.) ricevute tramite un modulo ad hoc.<\/li>\n<\/ul>\n<p><strong>Base giuridica<\/strong><\/p>\n<p>La base giuridica del trattamento \u00e8:<\/p>\n<p>Per le risposte a richieste generiche: il legittimo interesse della Societ\u00e0 (art. 6.1 f) RGPD), ovvero rispondere a chi pone una domanda alla Societ\u00e0;<br \/>Per la gestione delle richieste relative a seminari o webinar: il legittimo interesse della Societ\u00e0 (art. 6.1 f) GDPR), ovvero organizzare seminari o webinar;<br \/>I dati contrassegnati dall&#8217;asterisco nel modulo devono essere forniti per consentire alla Societ\u00e0 di evadere la vostra richiesta.<\/p>\n<p><strong>Categorie di dati trattati<\/strong><\/p>\n<p>I dati trattati sono: titolo, cognome, nome, indirizzo e-mail, numero di telefono, azienda, titolo, paese.<\/p>\n<p><strong>Persone interessate<\/strong><\/p>\n<p>Il trattamento dei dati riguarda qualsiasi persona che compila un modulo sul sito web della Societ\u00e0: cliente, fornitore di servizi, fornitore, prospect, candidato&#8230;.<\/p>\n<p><strong>Destinatari dei dati<\/strong><\/p>\n<p>Categorie di destinatari<\/p>\n<p>A seconda delle rispettive esigenze, i destinatari di tutti o di una parte dei dati sono i dipartimenti interni della Societ\u00e0 interessati, in particolare il dipartimento commerciale, i dipartimenti di linea interessati e i dipartimenti di supporto alle risorse umane.<\/p>\n<p><strong>Trasferimenti di dati al di fuori dell&#8217;UE<\/strong><\/p>\n<p>Non viene effettuato alcun trasferimento di dati al di fuori dell&#8217;Unione Europea.<\/p>\n<p><strong>Periodo di conservazione dei dati<\/strong><\/p>\n<p>I dati vengono conservati per 5 anni dalla loro raccolta.<\/p>\n<p><strong>I vostri diritti<\/strong><\/p>\n<p>Potete accedere, correggere o cancellare i dati che vi riguardano.<br \/>Avete anche il diritto di limitare i vostri dati. Potete inoltre esercitare il diritto di opposizione al trattamento dei vostri dati per il trattamento basato sul legittimo interesse, nonch\u00e9 il diritto alla portabilit\u00e0 dei vostri dati per il trattamento basato sull&#8217;esecuzione di misure precontrattuali.<br \/>Per maggiori informazioni sui vostri diritti potete consultare il sito cnil.fr (https:\/\/www.cnil.fr\/fr\/les-droits-pour-maitriser-vos-donnees-personnelles).<br \/>Per esercitare questi diritti o per qualsiasi domanda sul trattamento dei vostri dati, potete contattarci:<\/p>\n<ul>\n<li>Per via elettronica: contact@innotrope.com<\/li>\n<\/ul>\n<p>Se, dopo aver contattato la Societ\u00e0, ritenete che i vostri diritti di &#8220;protezione dei dati&#8221; non siano stati rispettati, potete presentare un reclamo online alla CNIL.<\/p>\n<p>[\/et_pb_text][\/et_pb_column][\/et_pb_row][\/et_pb_section][et_pb_section fb_built=&#8221;1&#8243; admin_label=&#8221;Promo Section&#8221; _builder_version=&#8221;4.19.1&#8243; background_color=&#8221;rgba(0,0,0,0.5)&#8221; background_image=&#8221;http:\/\/smartwins-project.eu\/wp-content\/uploads\/2022\/12\/AdobeStock_464993283_Preview.jpeg&#8221; background_blend=&#8221;color&#8221; custom_padding=&#8221;120px||120px|&#8221; global_colors_info=&#8221;{}&#8221;][et_pb_row _builder_version=&#8221;4.16&#8243; background_size=&#8221;initial&#8221; background_position=&#8221;top_left&#8221; background_repeat=&#8221;repeat&#8221; custom_margin=&#8221;|||&#8221; global_colors_info=&#8221;{}&#8221;][et_pb_column type=&#8221;4_4&#8243; _builder_version=&#8221;4.16&#8243; custom_padding=&#8221;|||&#8221; global_colors_info=&#8221;{}&#8221; custom_padding__hover=&#8221;|||&#8221;][et_pb_text admin_label=&#8221;CTA Section Subtitle&#8221; _builder_version=&#8221;4.16&#8243; text_font=&#8221;Roboto|on||on|&#8221; text_font_size=&#8221;24px&#8221; text_letter_spacing=&#8221;4px&#8221; background_size=&#8221;initial&#8221; background_position=&#8221;top_left&#8221; background_repeat=&#8221;repeat&#8221; background_layout=&#8221;dark&#8221; module_alignment=&#8221;center&#8221; animation_style=&#8221;zoom&#8221; animation_direction=&#8221;left&#8221; animation_intensity_zoom=&#8221;20%&#8221; global_colors_info=&#8221;{}&#8221;]<\/p>\n<p>La nostra newsletter<\/p>\n<p>[\/et_pb_text][et_pb_divider color=&#8221;#ffffff&#8221; divider_position=&#8221;center&#8221; divider_weight=&#8221;3px&#8221; disabled_on=&#8221;on|on|off%22%22&#8243; _builder_version=&#8221;4.16&#8243; max_width=&#8221;150px&#8221; module_alignment=&#8221;left&#8221; height=&#8221;false&#8221; animation_style=&#8221;zoom&#8221; animation_direction=&#8221;left&#8221; animation_delay=&#8221;200ms&#8221; animation_intensity_zoom=&#8221;20%&#8221; locked=&#8221;off&#8221; global_colors_info=&#8221;{}&#8221;][\/et_pb_divider][et_pb_signup mailchimp_list=&#8221;add_new_account&#8221; mailchimp_account_name=&#8221;MailChimp&#8221; mailchimp_api_key=&#8221;1966a708e774d461b78dc8dc4ee61c21-us8&#8243; name_field=&#8221;on&#8221; title=&#8221;Rimanere in contatto&#8221; description=&#8221;<\/p>\n<p>Lorem ipsum<\/p>\n<p>&#8221; _builder_version=&#8221;4.19.1&#8243; header_font=&#8221;Oswald|on||on|&#8221; header_font_size=&#8221;60px&#8221; body_font=&#8221;Roboto||||&#8221; body_font_size=&#8221;16px&#8221; body_line_height=&#8221;1.8em&#8221; use_background_color=&#8221;off&#8221; custom_button=&#8221;on&#8221; button_bg_color=&#8221;#DB440A&#8221; button_border_color=&#8221;#ed4441&#8243; button_border_radius=&#8221;0px&#8221; button_letter_spacing=&#8221;4px&#8221; button_font=&#8221;Oswald|on||on|&#8221; button_icon=&#8221;&#x24;||divi||400&#8243; button_icon_color=&#8221;#ffffff&#8221; animation_style=&#8221;fold&#8221; animation_direction=&#8221;top&#8221; animation_delay=&#8221;200ms&#8221; button_border_color_hover=&#8221;#ffffff&#8221; button_border_radius_hover=&#8221;0px&#8221; button_letter_spacing_hover=&#8221;4px&#8221; button_bg_color_hover=&#8221;rgba(0,0,0,0)&#8221; locked=&#8221;off&#8221; global_colors_info=&#8221;{}&#8221; button_text_size__hover_enabled=&#8221;off&#8221; button_one_text_size__hover_enabled=&#8221;off&#8221; button_two_text_size__hover_enabled=&#8221;off&#8221; button_text_color__hover_enabled=&#8221;off&#8221; button_one_text_color__hover_enabled=&#8221;off&#8221; button_two_text_color__hover_enabled=&#8221;off&#8221; button_border_width__hover_enabled=&#8221;off&#8221; button_one_border_width__hover_enabled=&#8221;off&#8221; button_two_border_width__hover_enabled=&#8221;off&#8221; button_border_color__hover_enabled=&#8221;on&#8221; button_border_color__hover=&#8221;#ffffff&#8221; button_one_border_color__hover_enabled=&#8221;off&#8221; button_two_border_color__hover_enabled=&#8221;off&#8221; button_border_radius__hover_enabled=&#8221;on&#8221; button_border_radius__hover=&#8221;0px&#8221; button_one_border_radius__hover_enabled=&#8221;off&#8221; button_two_border_radius__hover_enabled=&#8221;off&#8221; button_letter_spacing__hover_enabled=&#8221;on&#8221; button_letter_spacing__hover=&#8221;4px&#8221; button_one_letter_spacing__hover_enabled=&#8221;off&#8221; button_two_letter_spacing__hover_enabled=&#8221;off&#8221; button_bg_color__hover_enabled=&#8221;on&#8221; button_bg_color__hover=&#8221;rgba(0,0,0,0)&#8221; button_one_bg_color__hover_enabled=&#8221;off&#8221; button_two_bg_color__hover_enabled=&#8221;off&#8221;] Esistono molte varianti di brani di Lorem Ipsum, ma la maggior parte di essi \u00e8 stata alterata in qualche modo, con l&#8217;aggiunta di umorismo o di parole casuali che non sembrano nemmeno lontanamente credibili. Se si intende utilizzare un passaggio del Lorem Ipsum. [\/et_pb_signup][\/et_pb_column][\/et_pb_row][\/et_pb_section]<\/p>\n","protected":false},"excerpt":{"rendered":"<p>Gestione dei dati personaliCookie di misurazione dell&#8217;audience &#8211; Matomo Questi cookie consentono al sito di funzionare in modo ottimale. L&#8217;utente pu\u00f2 rifiutarli e cancellarli utilizzando le impostazioni del browser, ma la sua esperienza d&#8217;uso potrebbe risultare compromessa. _pk_testcookie: Permette di sapere se il browser accetta i cookie, viene mantenuto per 30 minuti. _pk_ses, _pk_cvar e [&hellip;]<\/p>\n","protected":false},"author":3,"featured_media":0,"parent":0,"menu_order":0,"comment_status":"closed","ping_status":"closed","template":"","meta":{"_et_pb_use_builder":"on","_et_pb_old_content":"","_et_gb_content_width":"","footnotes":""},"class_list":["post-982","page","type-page","status-publish","hentry"],"_links":{"self":[{"href":"https:\/\/smartwins-project.eu\/it\/wp-json\/wp\/v2\/pages\/982","targetHints":{"allow":["GET"]}}],"collection":[{"href":"https:\/\/smartwins-project.eu\/it\/wp-json\/wp\/v2\/pages"}],"about":[{"href":"https:\/\/smartwins-project.eu\/it\/wp-json\/wp\/v2\/types\/page"}],"author":[{"embeddable":true,"href":"https:\/\/smartwins-project.eu\/it\/wp-json\/wp\/v2\/users\/3"}],"replies":[{"embeddable":true,"href":"https:\/\/smartwins-project.eu\/it\/wp-json\/wp\/v2\/comments?post=982"}],"version-history":[{"count":10,"href":"https:\/\/smartwins-project.eu\/it\/wp-json\/wp\/v2\/pages\/982\/revisions"}],"predecessor-version":[{"id":1094,"href":"https:\/\/smartwins-project.eu\/it\/wp-json\/wp\/v2\/pages\/982\/revisions\/1094"}],"wp:attachment":[{"href":"https:\/\/smartwins-project.eu\/it\/wp-json\/wp\/v2\/media?parent=982"}],"curies":[{"name":"wp","href":"https:\/\/api.w.org\/{rel}","templated":true}]}}