{"id":624,"date":"2023-01-05T16:43:04","date_gmt":"2023-01-05T15:43:04","guid":{"rendered":"https:\/\/smartwins-project.eu\/verwaltung-persoenlicher-daten\/"},"modified":"2023-08-10T10:34:05","modified_gmt":"2023-08-10T08:34:05","slug":"verwaltung-persoenlicher-daten","status":"publish","type":"page","link":"https:\/\/smartwins-project.eu\/de\/verwaltung-persoenlicher-daten\/","title":{"rendered":"Verwaltung pers\u00f6nlicher Daten"},"content":{"rendered":"<p>[et_pb_section fb_built=&#8220;1&#8243; custom_padding_last_edited=&#8220;on|phone&#8220; admin_label=&#8220;Shop&#8220; _builder_version=&#8220;4.16&#8243; custom_padding=&#8220;50px||70px|||&#8220; custom_padding_tablet=&#8220;60px||0px|&#8220; custom_padding_phone=&#8220;&#8220; global_colors_info=&#8220;{}&#8220;][et_pb_row custom_padding_last_edited=&#8220;on|phone&#8220; admin_label=&#8220;Shop Titel&#8220; _builder_version=&#8220;4.16&#8243; background_size=&#8220;initial&#8220; background_position=&#8220;top_left&#8220; background_repeat=&#8220;repeat&#8220; custom_padding=&#8220;30px|0px|50px|0px||&#8220; custom_padding_tablet=&#8220;0px||0px|&#8220; custom_padding_phone=&#8220;&#8220; global_colors_info=&#8220;{}&#8220;][et_pb_column type=&#8220;4_4&#8243; _builder_version=&#8220;4.16&#8243; custom_padding=&#8220;|||&#8220; global_colors_info=&#8220;{}&#8220; custom_padding__hover=&#8220;|||&#8220;][et_pb_text admin_label=&#8220;Look Inside Title&#8220; _builder_version=&#8220;4.16&#8243; text_text_color=&#8220;#1a1a1a&#8220; header_font=&#8220;Oswald|on||on|&#8220; header_text_align=&#8220;center&#8220; header_font_size=&#8220;60px&#8220; header_line_height=&#8220;1.3em&#8220; background_size=&#8220;initial&#8220; background_position=&#8220;top_left&#8220; background_repeat=&#8220;repeat&#8220; max_width=&#8220;450px&#8220; module_alignment=&#8220;center&#8220; custom_margin=&#8220;|||&#8220; custom_padding=&#8220;|||&#8220; animation_style=&#8220;slide&#8220; animation_direction=&#8220;top&#8220; animation_intensity_slide=&#8220;10%&#8220; locked=&#8220;off&#8220; global_colors_info=&#8220;{}&#8220;]<\/p>\n<h1>Verwaltung pers\u00f6nlicher Daten<\/h1>\n<p>[\/et_pb_text][et_pb_divider color=&#8220;#ed4441&#8243; divider_position=&#8220;center&#8220; divider_weight=&#8220;3px&#8220; disabled_on=&#8220;off|off|off%22%22&#8243; _builder_version=&#8220;4.16&#8243; max_width=&#8220;150px&#8220; module_alignment=&#8220;center&#8220; height=&#8220;false&#8220; custom_margin=&#8220;30px|||&#8220; animation_style=&#8220;slide&#8220; animation_direction=&#8220;top&#8220; animation_delay=&#8220;100ms&#8220; animation_intensity_slide=&#8220;10%&#8220; locked=&#8220;off&#8220; global_colors_info=&#8220;{}&#8220;][\/et_pb_divider][et_pb_text _builder_version=&#8220;4.19.1&#8243; _module_preset=&#8220;default&#8220; text_font=&#8220;Roboto||||||||&#8220; text_font_size=&#8220;16px&#8220; text_line_height=&#8220;1.9em&#8220; header_font=&#8220;||||||||&#8220; header_text_color=&#8220;#1a1a1a&#8220; hover_enabled=&#8220;0&#8243; sticky_enabled=&#8220;0&#8243; header_3_font=&#8220;Roboto||||||||&#8220; header_3_text_color=&#8220;#1a1a1a&#8220; header_3_line_height=&#8220;1.4em&#8220; header_3_font_size=&#8220;24px&#8220;]<\/p>\n<h3>Cookies zur Zielgruppenmessung &#8211; Matomo<\/h3>\n<p>Diese Cookies erm\u00f6glichen das optimale Funktionieren der Website. Sie k\u00f6nnen sie \u00fcber Ihre Browsereinstellungen ablehnen und l\u00f6schen, allerdings kann dies zu einer Beeintr\u00e4chtigung der Benutzerfreundlichkeit f\u00fchren.<\/p>\n<ul>\n<li>_pk_testcookie: Erlaubt zu wissen, ob der Browser Cookies akzeptiert, wird 30 Minuten aufbewahrt<\/li>\n<li>_pk_ses, _pk_cvar und _pk_hs: Identifiziert die w\u00e4hrend einer Sitzung besuchten Seiten, wird 30 Minuten aufbewahrt<\/li>\n<li>_pk_id#: Wird verwendet, um die Besucher untereinander zu erkennen und somit die Anzahl der eindeutigen Besucher zu kennen, wird 13 Monate aufbewahrt<\/li>\n<\/ul>\n<p>Wir erfassen auch Ihre IP-Adresse, um die Stadt zu ermitteln, von der aus Sie sich einloggen. Diese Adresse wird sofort nach Gebrauch anonymisiert. Innotrope kann sie daher in keiner Weise auf eine nat\u00fcrliche Person zur\u00fcckf\u00fchren.<br \/>Das Matomo-Tracking wird allen Besuchern der Website auferlegt, ist aber so eingerichtet, dass vollst\u00e4ndige Anonymit\u00e4t gew\u00e4hrleistet ist.<br \/>Die erhobenen personenbezogenen Daten (Cookie-Kennung) werden von Innotrope f\u00fcr einen Zeitraum von 13 Monaten aufbewahrt. Sie werden nicht an Dritte weitergegeben oder f\u00fcr andere Zwecke verwendet.<\/p>\n<h3>Verwaltung pers\u00f6nlicher Daten<\/h3>\n<p>Innotrope verarbeitet einige Ihrer Daten, die auf seiner Website \u00fcber die verschiedenen zur Verf\u00fcgung gestellten Kontaktformulare gesammelt werden.<br \/>Innotrope stellt Ihnen im Folgenden die Informationen zur Verf\u00fcgung, auf die Sie gem\u00e4\u00df der Verordnung (EU) 2016\/679 des Europ\u00e4ischen Parlaments und des Rates vom 27. April 2016 zum Schutz nat\u00fcrlicher Personen bei der Verarbeitung personenbezogener Daten und zum freien Datenverkehr und zur Aufhebung der Richtlinie 95\/46\/EG, bekannt als &#8222;Allgemeine Datenschutzverordnung&#8220; oder &#8222;DSGVO&#8220;, Anspruch haben.<\/p>\n<p><strong>Objekte der Datenverarbeitung<\/strong><\/p>\n<p>Innotrope, mit Sitz in 21, rue Jean Rostand 91400, Orsay, Frankreich, die &#8222;Gesellschaft&#8220;, verwaltet die Verarbeitung personenbezogener Daten, deren Zweck die Verwaltung der auf der Website der Gesellschaft eingegangenen Anfragen ist.<br \/>Sie erm\u00f6glicht es dem Unternehmen,:<\/p>\n<ul>\n<li>Beantwortung allgemeiner Anfragen, die \u00fcber das Kontaktformular eingehen;<\/li>\n<li>Verwalten Sie Anfragen f\u00fcr Seminare oder Webinare (Anmeldung, Organisation usw.), die \u00fcber ein Ad-hoc-Formular eingehen.<\/li>\n<\/ul>\n<p><strong>Rechtsgrundlage<\/strong><\/p>\n<p>Die Rechtsgrundlage f\u00fcr die Verarbeitung ist:<\/p>\n<p>F\u00fcr die Beantwortung allgemeiner Anfragen: das berechtigte Interesse des Unternehmens (Art. 6.1 f) RGPD), n\u00e4mlich die Beantwortung von Anfragen an das Unternehmen;<br \/>F\u00fcr die Verwaltung von Anfragen in Bezug auf Seminare oder Webinare: das berechtigte Interesse des Unternehmens (Art. 6.1 f) GDPR), n\u00e4mlich Seminare oder Webinare zu organisieren;<br \/>Die im Formular mit einem Sternchen gekennzeichneten Daten m\u00fcssen angegeben werden, damit das Unternehmen Ihre Anfrage bearbeiten kann.<\/p>\n<p><strong>Kategorien der verarbeiteten Daten<\/strong><\/p>\n<p>Die verarbeiteten Daten sind: Anrede, Nachname, Vorname, E-Mail-Adresse, Telefonnummer, Firma, Titel, Land.<\/p>\n<p><strong>Betroffene Personen<\/strong><\/p>\n<p>Die Datenverarbeitung betrifft jede Person, die ein Formular auf der Website des Unternehmens ausf\u00fcllt: Kunde, Dienstleister, Lieferant, Interessent, Bewerber&#8230;.<\/p>\n<p><strong>Empf\u00e4nger der Daten<\/strong><\/p>\n<p>Kategorien von Empf\u00e4ngern<\/p>\n<p>Die Empf\u00e4nger aller oder eines Teils der Daten sind je nach Bedarf die betroffenen internen Abteilungen des Unternehmens, d. h. vor allem die Verkaufsabteilung, die betroffenen Fachabteilungen und die unterst\u00fctzenden Personalabteilungen.<\/p>\n<p><strong>Daten\u00fcbermittlung au\u00dferhalb der EU<\/strong><\/p>\n<p>Es findet keine Daten\u00fcbermittlung au\u00dferhalb der Europ\u00e4ischen Union statt.<\/p>\n<p><strong>Dauer der Datenspeicherung<\/strong><\/p>\n<p>Die Daten werden 5 Jahre lang ab der Datenerhebung aufbewahrt.<\/p>\n<p><strong>Ihre Rechte<\/strong><\/p>\n<p>Sie k\u00f6nnen die Sie betreffenden Daten einsehen, berichtigen oder l\u00f6schen.<br \/>Sie haben auch das Recht, Ihre Daten einzuschr\u00e4nken. Sie k\u00f6nnen auch Ihr Recht auf Widerspruch gegen die Verarbeitung Ihrer Daten bei der Verarbeitung auf der Grundlage eines berechtigten Interesses sowie Ihr Recht auf \u00dcbertragbarkeit Ihrer Daten bei der Verarbeitung auf der Grundlage der Durchf\u00fchrung vorvertraglicher Ma\u00dfnahmen aus\u00fcben.<br \/>Auf der Website cnil.fr finden Sie weitere Informationen \u00fcber Ihre Rechte (https:\/\/www.cnil.fr\/fr\/les-droits-pour-maitriser-vos-donnees-personnelles).<br \/>Zur Aus\u00fcbung dieser Rechte oder bei Fragen zur Verarbeitung Ihrer Daten k\u00f6nnen Sie sich an uns wenden:<\/p>\n<ul>\n<li>Mit elektronischen Mitteln: contact@innotrope.com<\/li>\n<\/ul>\n<p>Wenn Sie nach einer Kontaktaufnahme mit dem Unternehmen der Meinung sind, dass Ihre Datenschutzrechte nicht respektiert wurden, k\u00f6nnen Sie online eine Beschwerde bei der CNIL einreichen.<\/p>\n<p>[\/et_pb_text][\/et_pb_column][\/et_pb_row][\/et_pb_section][et_pb_section fb_built=&#8220;1&#8243; admin_label=&#8220;Promo Section&#8220; _builder_version=&#8220;4.19.1&#8243; background_color=&#8220;rgba(0,0,0,0.5)&#8220; background_image=&#8220;https:\/\/smartwins-project.eu\/wp-content\/uploads\/2022\/12\/AdobeStock_464993283_Preview.jpeg&#8220; background_blend=&#8220;color&#8220; custom_padding=&#8220;120px||120px|&#8220; global_colors_info=&#8220;{}&#8220;][et_pb_row _builder_version=&#8220;4.16&#8243; background_size=&#8220;initial&#8220; background_position=&#8220;top_left&#8220; background_repeat=&#8220;repeat&#8220; custom_margin=&#8220;|||&#8220; global_colors_info=&#8220;{}&#8220;][et_pb_column type=&#8220;4_4&#8243; _builder_version=&#8220;4.16&#8243; custom_padding=&#8220;|||&#8220; global_colors_info=&#8220;{}&#8220; custom_padding__hover=&#8220;|||&#8220;][et_pb_text admin_label=&#8220;CTA Section Subtitle&#8220; _builder_version=&#8220;4.16&#8243; text_font=&#8220;Roboto|on||on|&#8220; text_font_size=&#8220;24px&#8220; text_letter_spacing=&#8220;4px&#8220; background_size=&#8220;initial&#8220; background_position=&#8220;top_left&#8220; background_repeat=&#8220;repeat&#8220; background_layout=&#8220;dark&#8220; module_alignment=&#8220;center&#8220; animation_style=&#8220;zoom&#8220; animation_direction=&#8220;left&#8220; animation_intensity_zoom=&#8220;20%&#8220; global_colors_info=&#8220;{}&#8220;]<\/p>\n<p>Unser Newsletter<\/p>\n<p>[\/et_pb_text][et_pb_divider color=&#8220;#ffffff&#8220; divider_position=&#8220;center&#8220; divider_weight=&#8220;3px&#8220; disabled_on=&#8220;on|on|off%22%22&#8243; _builder_version=&#8220;4.16&#8243; max_width=&#8220;150px&#8220; module_alignment=&#8220;left&#8220; height=&#8220;false&#8220; animation_style=&#8220;zoom&#8220; animation_direction=&#8220;left&#8220; animation_delay=&#8220;200ms&#8220; animation_intensity_zoom=&#8220;20%&#8220; locked=&#8220;off&#8220; global_colors_info=&#8220;{}&#8220;][\/et_pb_divider][et_pb_signup mailchimp_list=&#8220;add_new_account&#8220; mailchimp_account_name=&#8220;MailChimp&#8220; mailchimp_api_key=&#8220;1966a708e774d461b78dc8dc4ee61c21-us8&#8243; name_field=&#8220;on&#8220; title=&#8220;In Kontakt bleiben&#8220; description=&#8220;<\/p>\n<p>Lorem ipsum<\/p>\n<p>&#8220; _builder_version=&#8220;4.19.1&#8243; header_font=&#8220;Oswald|on||on|&#8220; header_font_size=&#8220;60px&#8220; body_font=&#8220;Roboto||||&#8220; body_font_size=&#8220;16px&#8220; body_line_height=&#8220;1.8em&#8220; use_background_color=&#8220;off&#8220; custom_button=&#8220;on&#8220; button_bg_color=&#8220;#DB440A&#8220; button_border_color=&#8220;#ed4441&#8243; button_border_radius=&#8220;0px&#8220; button_letter_spacing=&#8220;4px&#8220; button_font=&#8220;Oswald|on||on|&#8220; button_icon=&#8220;&#x24;||divi||400&#8243; button_icon_color=&#8220;#ffffff&#8220; animation_style=&#8220;fold&#8220; animation_direction=&#8220;top&#8220; animation_delay=&#8220;200ms&#8220; button_border_color_hover=&#8220;#ffffff&#8220; button_border_radius_hover=&#8220;0px&#8220; button_letter_spacing_hover=&#8220;4px&#8220; button_bg_color_hover=&#8220;rgba(0,0,0,0)&#8220; locked=&#8220;off&#8220; global_colors_info=&#8220;{}&#8220; button_text_size__hover_enabled=&#8220;off&#8220; button_one_text_size__hover_enabled=&#8220;off&#8220; button_two_text_size__hover_enabled=&#8220;off&#8220; button_text_color__hover_enabled=&#8220;off&#8220; button_one_text_color__hover_enabled=&#8220;off&#8220; button_two_text_color__hover_enabled=&#8220;off&#8220; button_border_width__hover_enabled=&#8220;off&#8220; button_one_border_width__hover_enabled=&#8220;off&#8220; button_two_border_width__hover_enabled=&#8220;off&#8220; button_border_color__hover_enabled=&#8220;on&#8220; button_border_color__hover=&#8220;#ffffff&#8220; button_one_border_color__hover_enabled=&#8220;off&#8220; button_two_border_color__hover_enabled=&#8220;off&#8220; button_border_radius__hover_enabled=&#8220;on&#8220; button_border_radius__hover=&#8220;0px&#8220; button_one_border_radius__hover_enabled=&#8220;off&#8220; button_two_border_radius__hover_enabled=&#8220;off&#8220; button_letter_spacing__hover_enabled=&#8220;on&#8220; button_letter_spacing__hover=&#8220;4px&#8220; button_one_letter_spacing__hover_enabled=&#8220;off&#8220; button_two_letter_spacing__hover_enabled=&#8220;off&#8220; button_bg_color__hover_enabled=&#8220;on&#8220; button_bg_color__hover=&#8220;rgba(0,0,0,0)&#8220; button_one_bg_color__hover_enabled=&#8220;off&#8220; button_two_bg_color__hover_enabled=&#8220;off&#8220;] Es gibt viele Variationen von Lorem Ipsum, aber die meisten sind in irgendeiner Form ver\u00e4ndert worden, durch eingef\u00fcgten Humor oder willk\u00fcrlich gesetzte W\u00f6rter, die nicht einmal ann\u00e4hernd glaubw\u00fcrdig wirken. Wenn Sie eine Lorem Ipsum-Passage verwenden wollen. [\/et_pb_signup][\/et_pb_column][\/et_pb_row][\/et_pb_section]<\/p>\n","protected":false},"excerpt":{"rendered":"<p>Verwaltung pers\u00f6nlicher DatenCookies zur Zielgruppenmessung &#8211; Matomo Diese Cookies erm\u00f6glichen das optimale Funktionieren der Website. Sie k\u00f6nnen sie \u00fcber Ihre Browsereinstellungen ablehnen und l\u00f6schen, allerdings kann dies zu einer Beeintr\u00e4chtigung der Benutzerfreundlichkeit f\u00fchren. _pk_testcookie: Erlaubt zu wissen, ob der Browser Cookies akzeptiert, wird 30 Minuten aufbewahrt _pk_ses, _pk_cvar und _pk_hs: Identifiziert die w\u00e4hrend einer Sitzung [&hellip;]<\/p>\n","protected":false},"author":3,"featured_media":0,"parent":0,"menu_order":0,"comment_status":"closed","ping_status":"closed","template":"","meta":{"_et_pb_use_builder":"on","_et_pb_old_content":"","_et_gb_content_width":"","footnotes":""},"class_list":["post-624","page","type-page","status-publish","hentry"],"_links":{"self":[{"href":"https:\/\/smartwins-project.eu\/de\/wp-json\/wp\/v2\/pages\/624","targetHints":{"allow":["GET"]}}],"collection":[{"href":"https:\/\/smartwins-project.eu\/de\/wp-json\/wp\/v2\/pages"}],"about":[{"href":"https:\/\/smartwins-project.eu\/de\/wp-json\/wp\/v2\/types\/page"}],"author":[{"embeddable":true,"href":"https:\/\/smartwins-project.eu\/de\/wp-json\/wp\/v2\/users\/3"}],"replies":[{"embeddable":true,"href":"https:\/\/smartwins-project.eu\/de\/wp-json\/wp\/v2\/comments?post=624"}],"version-history":[{"count":6,"href":"https:\/\/smartwins-project.eu\/de\/wp-json\/wp\/v2\/pages\/624\/revisions"}],"predecessor-version":[{"id":630,"href":"https:\/\/smartwins-project.eu\/de\/wp-json\/wp\/v2\/pages\/624\/revisions\/630"}],"wp:attachment":[{"href":"https:\/\/smartwins-project.eu\/de\/wp-json\/wp\/v2\/media?parent=624"}],"curies":[{"name":"wp","href":"https:\/\/api.w.org\/{rel}","templated":true}]}}