{"id":620,"date":"2023-01-05T16:35:18","date_gmt":"2023-01-05T15:35:18","guid":{"rendered":"https:\/\/smartwins-project.eu\/rechtlicher-hinweis\/"},"modified":"2023-08-10T10:33:42","modified_gmt":"2023-08-10T08:33:42","slug":"rechtlicher-hinweis","status":"publish","type":"page","link":"https:\/\/smartwins-project.eu\/de\/rechtlicher-hinweis\/","title":{"rendered":"Rechtlicher Hinweis"},"content":{"rendered":"<p>[et_pb_section fb_built=&#8220;1&#8243; custom_padding_last_edited=&#8220;on|phone&#8220; admin_label=&#8220;Shop&#8220; _builder_version=&#8220;4.16&#8243; custom_padding=&#8220;50px||70px|||&#8220; custom_padding_tablet=&#8220;60px||0px|&#8220; custom_padding_phone=&#8220;&#8220; global_colors_info=&#8220;{}&#8220;][et_pb_row custom_padding_last_edited=&#8220;on|phone&#8220; admin_label=&#8220;Shop Titel&#8220; _builder_version=&#8220;4.16&#8243; background_size=&#8220;initial&#8220; background_position=&#8220;top_left&#8220; background_repeat=&#8220;repeat&#8220; custom_padding=&#8220;30px|0px|50px|0px||&#8220; custom_padding_tablet=&#8220;0px||0px|&#8220; custom_padding_phone=&#8220;&#8220; global_colors_info=&#8220;{}&#8220;][et_pb_column type=&#8220;4_4&#8243; _builder_version=&#8220;4.16&#8243; custom_padding=&#8220;|||&#8220; global_colors_info=&#8220;{}&#8220; custom_padding__hover=&#8220;|||&#8220;][et_pb_text admin_label=&#8220;Look Inside Title&#8220; _builder_version=&#8220;4.16&#8243; text_text_color=&#8220;#1a1a1a&#8220; header_font=&#8220;Oswald|on||on|&#8220; header_text_align=&#8220;center&#8220; header_font_size=&#8220;60px&#8220; header_line_height=&#8220;1.3em&#8220; background_size=&#8220;initial&#8220; background_position=&#8220;top_left&#8220; background_repeat=&#8220;repeat&#8220; max_width=&#8220;450px&#8220; module_alignment=&#8220;center&#8220; custom_margin=&#8220;|||&#8220; custom_padding=&#8220;|||&#8220; animation_style=&#8220;slide&#8220; animation_direction=&#8220;top&#8220; animation_intensity_slide=&#8220;10%&#8220; locked=&#8220;off&#8220; global_colors_info=&#8220;{}&#8220;]<\/p>\n<h1>Rechtlicher Hinweis<\/h1>\n<p>[\/et_pb_text][et_pb_divider color=&#8220;#ed4441&#8243; divider_position=&#8220;center&#8220; divider_weight=&#8220;3px&#8220; disabled_on=&#8220;off|off|off%22%22&#8243; _builder_version=&#8220;4.16&#8243; max_width=&#8220;150px&#8220; module_alignment=&#8220;center&#8220; height=&#8220;false&#8220; custom_margin=&#8220;30px|||&#8220; animation_style=&#8220;slide&#8220; animation_direction=&#8220;top&#8220; animation_delay=&#8220;100ms&#8220; animation_intensity_slide=&#8220;10%&#8220; locked=&#8220;off&#8220; global_colors_info=&#8220;{}&#8220;][\/et_pb_divider][et_pb_text _builder_version=&#8220;4.19.1&#8243; _module_preset=&#8220;default&#8220; text_font=&#8220;Roboto||||||||&#8220; text_font_size=&#8220;16px&#8220; text_line_height=&#8220;1.9em&#8220; header_3_font=&#8220;Roboto||||||||&#8220; header_3_text_align=&#8220;left&#8220; header_3_text_color=&#8220;#1a1a1a&#8220; header_3_font_size=&#8220;24px&#8220; header_3_line_height=&#8220;1.4em&#8220; global_colors_info=&#8220;{}&#8220;]<\/p>\n<h3>Pr\u00e4sentation der Website<\/h3>\n<p>Die Website &#8222;SMARTWINS-PROJECT.EU&#8220; ist Eigentum von Innotrope, einer vereinfachten Gesellschaft mit beschr\u00e4nkter Haftung mit einem einzigen Gesellschafter und einem Stammkapital von 7.500 \u20ac, Umsatzsteuernummer: FR08825333164, deren eingetragener Sitz sich in 21, rue Jean Rostand, 91400, Orsay, Frankreich befindet.<\/p>\n<ul>\n<li>Verlagsleiter : Julien Sudre<\/li>\n<li>Webmaster : contact@innotrope.com<\/li>\n<li>Webhosting: OVH &#8211; 2 rue Kellermann, 59100 Roubaix<\/li>\n<li>Datenschutzbeauftragter: contact@innotrope.com<\/li>\n<\/ul>\n<h3>Allgemeine Bedingungen f\u00fcr die Nutzung<\/h3>\n<p>Die Website &#8222;SMARTWINS-PROJECT.EU&#8220; ist ein geistiges Werk, das durch die Bestimmungen des franz\u00f6sischen Gesetzes \u00fcber geistiges Eigentum (Code de la Propri\u00e9t\u00e9 Intellectuelle) gesch\u00fctzt ist.<\/p>\n<p>Der Internetnutzer (nachstehend &#8222;Nutzer&#8220; genannt) darf die auf dieser Website enthaltenen Elemente oder Werke weder ganz noch teilweise wiederverwenden, \u00fcbertragen oder zu seinem eigenen Vorteil nutzen. Das Surfen auf der Website &#8222;SMARTWINS-PROJECT.EU&#8220; setzt die vollst\u00e4ndige und uneingeschr\u00e4nkte Zustimmung zu den unten beschriebenen allgemeinen Nutzungsbedingungen voraus. Diese Nutzungsbedingungen k\u00f6nnen jederzeit ge\u00e4ndert oder erg\u00e4nzt werden, und die Nutzer der Website sind daher aufgefordert, sie regelm\u00e4\u00dfig zu konsultieren. Diese Website ist f\u00fcr die Nutzer normalerweise jederzeit zug\u00e4nglich. Innotrope kann jedoch beschlie\u00dfen, den Dienst f\u00fcr technische Wartungszwecke zu unterbrechen, und Innotrope wird sich bem\u00fchen, die Benutzer im Voraus zu informieren. Innotrope kann nicht f\u00fcr direkte oder indirekte Sch\u00e4den haftbar gemacht werden, die sich aus dem Zugang zu oder der Nutzung ihrer Website ergeben k\u00f6nnen, einschlie\u00dflich Unzug\u00e4nglichkeit, Datenverlust, Besch\u00e4digung, Zerst\u00f6rung oder Viren, die die Computerausr\u00fcstung des Benutzers beeintr\u00e4chtigen k\u00f6nnen, und\/oder das Vorhandensein von Viren auf ihrer Website.<\/p>\n<h3>Zweck der Website<\/h3>\n<p>Die Website dient der Information \u00fcber das SmartWins-Projekt. Innotrope bem\u00fcht sich, so genaue Informationen wie m\u00f6glich auf der &#8222;SMARTWINS-PROJECT.EU&#8220;-Website bereitzustellen. Sie kann jedoch nicht f\u00fcr Auslassungen, Ungenauigkeiten und Unzul\u00e4nglichkeiten in den Aktualisierungen verantwortlich gemacht werden. Alle Informationen, die auf der Website &#8222;SMARTWINS-PROJECT.EU&#8220; angezeigt werden, sind als Richtwerte zu verstehen und k\u00f6nnen sich \u00e4ndern. Sie sind weder ersch\u00f6pfend noch verbindlich und unterliegen den \u00c4nderungen, die seit ihrer Ver\u00f6ffentlichung vorgenommen wurden.<\/p>\n<h3>Geistiges Eigentum und Urheberrecht<\/h3>\n<p>Alle Rechte am geistigen Eigentum sind Eigentum von Innotrope, zus\u00e4tzlich zu allen auf der Website zug\u00e4nglichen Elementen, einschlie\u00dflich Texten, Bildern, Grafiken, Logos, Videos, Icons und Sounds. Jegliche Vervielf\u00e4ltigung, Darstellung, \u00c4nderung, Ver\u00f6ffentlichung oder Anpassung aller oder eines Teils der Elemente der Website, gleich mit welchen Mitteln oder Verfahren, ist untersagt, es sei denn, es liegt eine vorherige schriftliche Genehmigung von Innotrope vor. Im Rahmen einer solchen Genehmigung ist der Antragsteller verpflichtet, seine Quelle zu nennen, und Innotrope haftet nicht f\u00fcr die Verwendung des anerkannten Inhalts durch den Antragsteller. Jede unbefugte Nutzung der Website oder eines der darin enthaltenen Elemente wird als Urheberrechtsverletzung angesehen. Eine solche Verwendung wird gem\u00e4\u00df den Bestimmungen der Artikel L. 335-2 ff. verfolgt. des franz\u00f6sischen Gesetzes \u00fcber geistiges Eigentum (Code de Propri\u00e9t\u00e9 Intellectuelle)<\/p>\n<h3>Cookies<\/h3>\n<p>Ein &#8222;Cookie&#8220; ist eine kleine Datendatei, die vom Nutzer an den Browser des Nutzers gesendet und auf dem Endger\u00e4t des Nutzers (z. B. Computer, Smartphone) gespeichert wird. Cookies sind nicht geeignet, das Endger\u00e4t des Nutzers in irgendeiner Weise zu besch\u00e4digen. Innotrope wird wahrscheinlich die Informationen des Benutzers \u00fcber seinen Besuch auf der Website verarbeiten, wie z.B. die besuchten Seiten und die durchgef\u00fchrten Suchen. Diese Informationen erm\u00f6glichen es Innotrope, den Inhalt der Website und die Navigation des Benutzers zu verbessern. Wenn der Nutzer die Annahme von Cookies auf seinem Ger\u00e4t oder in seinem Browser verweigert oder wenn der Nutzer die dort registrierten Cookies l\u00f6scht, wird der Nutzer dar\u00fcber informiert, dass sein Surfen und seine Erfahrung auf der Website eingeschr\u00e4nkt sein k\u00f6nnen. Dies kann auch der Fall sein, wenn Innotrope oder einer ihrer Dienstleister aus Gr\u00fcnden der technischen Kompatibilit\u00e4t den vom Endger\u00e4t verwendeten Browsertyp, die Sprach- und Anzeigeeinstellungen oder das Land, von dem aus das Endger\u00e4t mit dem Internet verbunden zu sein scheint, nicht erkennen kann. Gegebenenfalls lehnt Innotrope jede Verantwortung f\u00fcr die Folgen ab, die sich aus dem gest\u00f6rten Betrieb der Website ergeben.<\/p>\n<p><a href=\"personal-data-management\" title=\"Link zur Seite Verwaltung pers\u00f6nlicher Daten\">Mehr \u00fcber die Verwaltung pers\u00f6nlicher Daten  <\/a><\/p>\n<h3>Anwendbares Recht und Zuweisung des Gerichtsstandes<\/h3>\n<p>In diesem Fall ist das franz\u00f6sische Recht anwendbar. Die ausschlie\u00dfliche Zust\u00e4ndigkeit f\u00fcr alle Streitigkeiten liegt bei den zust\u00e4ndigen Gerichten im Zust\u00e4ndigkeitsbereich des Berufungsgerichts von Paris (Frankreich). Der gr\u00f6\u00dfte Teil der Online-Inhalte auf der Website SMARTWINS-PROJECT.EU&#8220; ist in franz\u00f6sischer und englischer Sprache verf\u00fcgbar. Im Falle von Streitigkeiten ist nur die englische Sprache rechtsg\u00fcltig und verbindlich.<\/p>\n<h3>Haftungsausschluss<\/h3>\n<p>Innotrope unterh\u00e4lt diese Website, um den \u00f6ffentlichen Zugang zu Informationen \u00fcber das SmartWins-Projekt zu verbessern. Unser Ziel ist es, diese Informationen zeitnah und korrekt zu halten. Wenn wir auf Fehler aufmerksam gemacht werden, werden wir versuchen, sie zu korrigieren. Innotrope kann jedoch keine Verantwortung oder Haftung f\u00fcr die Informationen auf dieser Website \u00fcbernehmen.<br \/>Diese Informationen sind:<\/p>\n<ul>\n<li>ist nur allgemeiner Natur und nicht dazu bestimmt, auf die besonderen Umst\u00e4nde einer bestimmten Person oder Einrichtung einzugehen<\/li>\n<li>nicht notwendigerweise umfassend, vollst\u00e4ndig, genau oder auf dem neuesten Stand<\/li>\n<li>manchmal mit externen Websites verlinkt sind, \u00fcber die Innotrope keine Kontrolle hat und f\u00fcr die sie keine Verantwortung \u00fcbernimmt<\/li>\n<li>keine professionelle oder rechtliche Beratung<\/li>\n<\/ul>\n<p>Mit diesem Haftungsausschluss wird nicht bezweckt, die Haftung von Innotrope entgegen den Bestimmungen des geltenden nationalen Rechts einzuschr\u00e4nken oder die Haftung f\u00fcr Angelegenheiten auszuschlie\u00dfen, die nach diesem Recht nicht ausgeschlossen werden k\u00f6nnen.<\/p>\n<p>[\/et_pb_text][\/et_pb_column][\/et_pb_row][\/et_pb_section][et_pb_section fb_built=&#8220;1&#8243; admin_label=&#8220;Promo Section&#8220; _builder_version=&#8220;4.19.1&#8243; background_color=&#8220;rgba(0,0,0,0.5)&#8220; background_image=&#8220;https:\/\/smartwins-project.eu\/wp-content\/uploads\/2022\/12\/AdobeStock_464993283_Preview.jpeg&#8220; background_blend=&#8220;color&#8220; custom_padding=&#8220;120px||120px|&#8220; global_colors_info=&#8220;{}&#8220;][et_pb_row _builder_version=&#8220;4.16&#8243; background_size=&#8220;initial&#8220; background_position=&#8220;top_left&#8220; background_repeat=&#8220;repeat&#8220; custom_margin=&#8220;|||&#8220; global_colors_info=&#8220;{}&#8220;][et_pb_column type=&#8220;4_4&#8243; _builder_version=&#8220;4.16&#8243; custom_padding=&#8220;|||&#8220; global_colors_info=&#8220;{}&#8220; custom_padding__hover=&#8220;|||&#8220;][et_pb_text admin_label=&#8220;CTA Section Subtitle&#8220; _builder_version=&#8220;4.16&#8243; text_font=&#8220;Roboto|on||on|&#8220; text_font_size=&#8220;24px&#8220; text_letter_spacing=&#8220;4px&#8220; background_size=&#8220;initial&#8220; background_position=&#8220;top_left&#8220; background_repeat=&#8220;repeat&#8220; background_layout=&#8220;dark&#8220; module_alignment=&#8220;center&#8220; animation_style=&#8220;zoom&#8220; animation_direction=&#8220;left&#8220; animation_intensity_zoom=&#8220;20%&#8220; global_colors_info=&#8220;{}&#8220;]<\/p>\n<p>Unser Newsletter<\/p>\n<p>[\/et_pb_text][et_pb_divider color=&#8220;#ffffff&#8220; divider_position=&#8220;center&#8220; divider_weight=&#8220;3px&#8220; disabled_on=&#8220;on|on|off%22%22&#8243; _builder_version=&#8220;4.16&#8243; max_width=&#8220;150px&#8220; module_alignment=&#8220;left&#8220; height=&#8220;false&#8220; animation_style=&#8220;zoom&#8220; animation_direction=&#8220;left&#8220; animation_delay=&#8220;200ms&#8220; animation_intensity_zoom=&#8220;20%&#8220; locked=&#8220;off&#8220; global_colors_info=&#8220;{}&#8220;][\/et_pb_divider][et_pb_signup mailchimp_list=&#8220;add_new_account&#8220; mailchimp_account_name=&#8220;MailChimp&#8220; mailchimp_api_key=&#8220;1966a708e774d461b78dc8dc4ee61c21-us8&#8243; name_field=&#8220;on&#8220; title=&#8220;In Kontakt bleiben&#8220; description=&#8220;<\/p>\n<p>Lorem ipsum<\/p>\n<p>&#8220; _builder_version=&#8220;4.19.1&#8243; header_font=&#8220;Oswald|on||on|&#8220; header_font_size=&#8220;60px&#8220; body_font=&#8220;Roboto||||&#8220; body_font_size=&#8220;16px&#8220; body_line_height=&#8220;1.8em&#8220; use_background_color=&#8220;off&#8220; custom_button=&#8220;on&#8220; button_bg_color=&#8220;#DB440A&#8220; button_border_color=&#8220;#ed4441&#8243; button_border_radius=&#8220;0px&#8220; button_letter_spacing=&#8220;4px&#8220; button_font=&#8220;Oswald|on||on|&#8220; button_icon=&#8220;&#x24;||divi||400&#8243; button_icon_color=&#8220;#ffffff&#8220; animation_style=&#8220;fold&#8220; animation_direction=&#8220;top&#8220; animation_delay=&#8220;200ms&#8220; button_border_color_hover=&#8220;#ffffff&#8220; button_border_radius_hover=&#8220;0px&#8220; button_letter_spacing_hover=&#8220;4px&#8220; button_bg_color_hover=&#8220;rgba(0,0,0,0)&#8220; locked=&#8220;off&#8220; global_colors_info=&#8220;{}&#8220; button_text_size__hover_enabled=&#8220;off&#8220; button_one_text_size__hover_enabled=&#8220;off&#8220; button_two_text_size__hover_enabled=&#8220;off&#8220; button_text_color__hover_enabled=&#8220;off&#8220; button_one_text_color__hover_enabled=&#8220;off&#8220; button_two_text_color__hover_enabled=&#8220;off&#8220; button_border_width__hover_enabled=&#8220;off&#8220; button_one_border_width__hover_enabled=&#8220;off&#8220; button_two_border_width__hover_enabled=&#8220;off&#8220; button_border_color__hover_enabled=&#8220;on&#8220; button_border_color__hover=&#8220;#ffffff&#8220; button_one_border_color__hover_enabled=&#8220;off&#8220; button_two_border_color__hover_enabled=&#8220;off&#8220; button_border_radius__hover_enabled=&#8220;on&#8220; button_border_radius__hover=&#8220;0px&#8220; button_one_border_radius__hover_enabled=&#8220;off&#8220; button_two_border_radius__hover_enabled=&#8220;off&#8220; button_letter_spacing__hover_enabled=&#8220;on&#8220; button_letter_spacing__hover=&#8220;4px&#8220; button_one_letter_spacing__hover_enabled=&#8220;off&#8220; button_two_letter_spacing__hover_enabled=&#8220;off&#8220; button_bg_color__hover_enabled=&#8220;on&#8220; button_bg_color__hover=&#8220;rgba(0,0,0,0)&#8220; button_one_bg_color__hover_enabled=&#8220;off&#8220; button_two_bg_color__hover_enabled=&#8220;off&#8220;] Es gibt viele Variationen von Lorem Ipsum, aber die meisten sind in irgendeiner Form ver\u00e4ndert worden, durch eingef\u00fcgten Humor oder willk\u00fcrlich gesetzte W\u00f6rter, die nicht einmal ann\u00e4hernd glaubw\u00fcrdig wirken. Wenn Sie eine Lorem Ipsum-Passage verwenden wollen. [\/et_pb_signup][\/et_pb_column][\/et_pb_row][\/et_pb_section]<\/p>\n","protected":false},"excerpt":{"rendered":"<p>Rechtlicher HinweisPr\u00e4sentation der Website Die Website &#8222;SMARTWINS-PROJECT.EU&#8220; ist Eigentum von Innotrope, einer vereinfachten Gesellschaft mit beschr\u00e4nkter Haftung mit einem einzigen Gesellschafter und einem Stammkapital von 7.500 \u20ac, Umsatzsteuernummer: FR08825333164, deren eingetragener Sitz sich in 21, rue Jean Rostand, 91400, Orsay, Frankreich befindet. Verlagsleiter : Julien Sudre Webmaster : contact@innotrope.com Webhosting: OVH &#8211; 2 rue Kellermann, [&hellip;]<\/p>\n","protected":false},"author":3,"featured_media":0,"parent":0,"menu_order":0,"comment_status":"closed","ping_status":"closed","template":"","meta":{"_et_pb_use_builder":"on","_et_pb_old_content":"","_et_gb_content_width":"","footnotes":""},"class_list":["post-620","page","type-page","status-publish","hentry"],"_links":{"self":[{"href":"https:\/\/smartwins-project.eu\/de\/wp-json\/wp\/v2\/pages\/620","targetHints":{"allow":["GET"]}}],"collection":[{"href":"https:\/\/smartwins-project.eu\/de\/wp-json\/wp\/v2\/pages"}],"about":[{"href":"https:\/\/smartwins-project.eu\/de\/wp-json\/wp\/v2\/types\/page"}],"author":[{"embeddable":true,"href":"https:\/\/smartwins-project.eu\/de\/wp-json\/wp\/v2\/users\/3"}],"replies":[{"embeddable":true,"href":"https:\/\/smartwins-project.eu\/de\/wp-json\/wp\/v2\/comments?post=620"}],"version-history":[{"count":3,"href":"https:\/\/smartwins-project.eu\/de\/wp-json\/wp\/v2\/pages\/620\/revisions"}],"predecessor-version":[{"id":623,"href":"https:\/\/smartwins-project.eu\/de\/wp-json\/wp\/v2\/pages\/620\/revisions\/623"}],"wp:attachment":[{"href":"https:\/\/smartwins-project.eu\/de\/wp-json\/wp\/v2\/media?parent=620"}],"curies":[{"name":"wp","href":"https:\/\/api.w.org\/{rel}","templated":true}]}}