{"id":580,"date":"2023-01-05T16:42:48","date_gmt":"2023-01-05T15:42:48","guid":{"rendered":"https:\/\/smartwins-project.eu\/work-packages\/"},"modified":"2023-08-09T20:14:02","modified_gmt":"2023-08-09T18:14:02","slug":"work-packages","status":"publish","type":"page","link":"https:\/\/smartwins-project.eu\/de\/work-packages\/","title":{"rendered":"Work packages"},"content":{"rendered":"<p>[et_pb_section fb_built=&#8220;1&#8243; custom_padding_last_edited=&#8220;on|phone&#8220; admin_label=&#8220;Shop&#8220; _builder_version=&#8220;4.16&#8243; custom_padding=&#8220;50px||70px|||&#8220; custom_padding_tablet=&#8220;60px||0px|&#8220; custom_padding_phone=&#8220;&#8220; global_colors_info=&#8220;{}&#8220;][et_pb_row custom_padding_last_edited=&#8220;on|phone&#8220; admin_label=&#8220;Shop Title&#8220; _builder_version=&#8220;4.16&#8243; background_size=&#8220;initial&#8220; background_position=&#8220;top_left&#8220; background_repeat=&#8220;repeat&#8220; custom_padding=&#8220;30px|0px|50px|0px||&#8220; custom_padding_tablet=&#8220;0px||0px|&#8220; custom_padding_phone=&#8220;&#8220; global_colors_info=&#8220;{}&#8220;][et_pb_column type=&#8220;4_4&#8243; _builder_version=&#8220;4.16&#8243; custom_padding=&#8220;|||&#8220; global_colors_info=&#8220;{}&#8220; custom_padding__hover=&#8220;|||&#8220;][et_pb_text admin_label=&#8220;Look Inside Title&#8220; _builder_version=&#8220;4.16&#8243; text_text_color=&#8220;#1a1a1a&#8220; header_font=&#8220;Oswald|on||on|&#8220; header_text_align=&#8220;center&#8220; header_font_size=&#8220;60px&#8220; header_line_height=&#8220;1.3em&#8220; background_size=&#8220;initial&#8220; background_position=&#8220;top_left&#8220; background_repeat=&#8220;repeat&#8220; max_width=&#8220;450px&#8220; module_alignment=&#8220;center&#8220; custom_margin=&#8220;|||&#8220; custom_padding=&#8220;|||&#8220; animation_style=&#8220;slide&#8220; animation_direction=&#8220;top&#8220; animation_intensity_slide=&#8220;10%&#8220; locked=&#8220;off&#8220; global_colors_info=&#8220;{}&#8220;]<\/p>\n<h1>Work packages<\/h1>\n<p>[\/et_pb_text][et_pb_divider color=&#8220;#ed4441&#8243; divider_position=&#8220;center&#8220; divider_weight=&#8220;3px&#8220; disabled_on=&#8220;off|off|off%22%22&#8243; _builder_version=&#8220;4.16&#8243; max_width=&#8220;150px&#8220; module_alignment=&#8220;center&#8220; height=&#8220;false&#8220; custom_margin=&#8220;30px|||&#8220; animation_style=&#8220;slide&#8220; animation_direction=&#8220;top&#8220; animation_delay=&#8220;100ms&#8220; animation_intensity_slide=&#8220;10%&#8220; locked=&#8220;off&#8220; global_colors_info=&#8220;{}&#8220;][\/et_pb_divider][et_pb_text _builder_version=&#8220;4.19.1&#8243; _module_preset=&#8220;default&#8220; text_font=&#8220;Roboto||||||||&#8220; text_font_size=&#8220;16px&#8220; text_line_height=&#8220;1.9em&#8220; header_3_font=&#8220;Roboto||||||||&#8220; header_3_text_color=&#8220;#1a1a1a&#8220; header_3_font_size=&#8220;24px&#8220; header_3_line_height=&#8220;1.4em&#8220; global_colors_info=&#8220;{}&#8220;]Das Projekt profitiert von der Finanzierung durch die Europ\u00e4ische Union und respektiert die erforderliche Methodik, indem es die Erreichung seiner verschiedenen Ziele in mehrere Arbeitspakete unterteilt.[\/et_pb_text][\/et_pb_column][\/et_pb_row][et_pb_row column_structure=&#8220;1_2,1_2&#8243; use_custom_gutter=&#8220;on&#8220; gutter_width=&#8220;2&#8243; make_equal=&#8220;on&#8220; admin_label=&#8220;Products&#8220; _builder_version=&#8220;4.16&#8243; background_size=&#8220;initial&#8220; background_position=&#8220;top_left&#8220; background_repeat=&#8220;repeat&#8220; custom_padding=&#8220;|||&#8220; global_colors_info=&#8220;{}&#8220;][et_pb_column type=&#8220;1_2&#8243; _builder_version=&#8220;4.16&#8243; custom_padding=&#8220;|||&#8220; global_colors_info=&#8220;{}&#8220; custom_padding__hover=&#8220;|||&#8220;][et_pb_text _builder_version=&#8220;4.19.1&#8243; _module_preset=&#8220;default&#8220; text_font=&#8220;Roboto||||||||&#8220; text_font_size=&#8220;16px&#8220; text_line_height=&#8220;1.9em&#8220; header_3_font=&#8220;Roboto||||||||&#8220; header_3_text_color=&#8220;#1a1a1a&#8220; header_3_font_size=&#8220;24px&#8220; header_3_line_height=&#8220;1.4em&#8220; header_4_text_color=&#8220;#b93a08&#8243; global_colors_info=&#8220;{}&#8220;]<\/p>\n<h3>Work package 1<\/h3>\n<h4>Intelligente Technologien f\u00fcr intelligente Geb\u00e4ude: Digitalisierung, IoT und Qualit\u00e4t der Raumluft<\/h4>\n<p>Verbesserung der Forschungskompetenz der KTU im Bereich der intelligenten und klimaneutral gebauten Umwelt mit digitalen Zwillingen, die auf nachhaltige Geb\u00e4udetechnikprojekte angewendet werden<\/p>\n<p><em>Ergebnisse:<\/em><\/p>\n<ul>\n<em><\/em><\/li>\n<li><em>Wissenschaftlicher Bericht zur digitalisierten Bewertung des gesamten Lebenszyklus intelligenter Geb\u00e4ude<\/em><br \/>\n<em><\/em><\/li>\n<li><em>Wissenschaftlicher Bericht \u00fcber die Raumluftqualit\u00e4tsbewertung unter Verwendung intelligenter Sensoren<\/em><br \/>\n<em><\/em><\/li>\n<li><em>Wissenschaftlicher Bericht \u00fcber IoT und digitale Zwillinge in intelligenten Geb\u00e4uden<\/em><br \/>\n<em><\/em><\/li>\n<li><em>Wissenschaftlicher Bericht \u00fcber die Energiebewertung von Geb\u00e4uden im BIM-Umfeld<\/em><\/li>\n<\/ul>\n<p>[\/et_pb_text][\/et_pb_column][et_pb_column type=&#8220;1_2&#8243; _builder_version=&#8220;4.16&#8243; custom_padding=&#8220;|||&#8220; global_colors_info=&#8220;{}&#8220; custom_padding__hover=&#8220;|||&#8220;][et_pb_text _builder_version=&#8220;4.19.1&#8243; _module_preset=&#8220;default&#8220; text_font=&#8220;Roboto||||||||&#8220; text_font_size=&#8220;16px&#8220; text_line_height=&#8220;1.9em&#8220; header_3_font=&#8220;Roboto||||||||&#8220; header_3_text_color=&#8220;#1a1a1a&#8220; header_3_font_size=&#8220;24px&#8220; header_3_line_height=&#8220;1.4em&#8220; header_4_text_color=&#8220;#b93a08&#8243; global_colors_info=&#8220;{}&#8220;]<\/p>\n<h3>Work package 2<\/h3>\n<h4>Kompetenzaufbau in der Forschung. Forschungsmanagement und Kapazit\u00e4tsaufbau in der Verwaltung<\/h4>\n<p>St\u00e4rkung der Kapazit\u00e4ten der KTU, um wettbewerbsf\u00e4hige Forschungsf\u00f6rderung zu beantragen und die gef\u00f6rderten Projekte zu verwalten und zu leiten<\/p>\n<p><em>Ergebnisse:<\/em><\/p>\n<ul>\n<li><em>Austausch von Personal<\/em><br \/>\n<em><\/em><\/li>\n<li><em>Wissenschaftliche Tagung<\/em><br \/>\n<em><\/em><\/li>\n<li><em>Wissenschaftliche Workshops<\/em><\/li>\n<\/ul>\n<p>[\/et_pb_text][\/et_pb_column][\/et_pb_row][et_pb_row column_structure=&#8220;1_2,1_2&#8243; use_custom_gutter=&#8220;on&#8220; gutter_width=&#8220;2&#8243; make_equal=&#8220;on&#8220; admin_label=&#8220;Products&#8220; _builder_version=&#8220;4.16&#8243; background_size=&#8220;initial&#8220; background_position=&#8220;top_left&#8220; background_repeat=&#8220;repeat&#8220; custom_padding=&#8220;|||&#8220; global_colors_info=&#8220;{}&#8220;][et_pb_column type=&#8220;1_2&#8243; _builder_version=&#8220;4.16&#8243; custom_padding=&#8220;|||&#8220; global_colors_info=&#8220;{}&#8220; custom_padding__hover=&#8220;|||&#8220;][et_pb_text _builder_version=&#8220;4.19.1&#8243; _module_preset=&#8220;default&#8220; text_font=&#8220;Roboto||||||||&#8220; text_font_size=&#8220;16px&#8220; text_line_height=&#8220;1.9em&#8220; header_3_font=&#8220;Roboto||||||||&#8220; header_3_text_color=&#8220;#1a1a1a&#8220; header_3_font_size=&#8220;24px&#8220; header_3_line_height=&#8220;1.4em&#8220; header_4_text_color=&#8220;#b93a08&#8243; global_colors_info=&#8220;{}&#8220;]<\/p>\n<h3>Work package 3<\/h3>\n<h4>Verbindungen zu Unternehmen, B\u00fcrgerbeteiligung und Politikgestaltung<\/h4>\n<p>Erstellung von Verbindungen zu Unternehmen und Zugang zur Methodik, um offene Innovation zu unterst\u00fctzen<\/p>\n<p><em>Ergebnisse:<\/em><\/p>\n<ul>\n<li><em>Ergebnisse:<\/em><\/li>\n<li><em>B\u00fcrgerveranstaltungen<\/em><\/li>\n<li><em>Maklerereignisse<\/em><\/li>\n<li><em>Politikbericht<\/em><\/li>\n<\/ul>\n<p>[\/et_pb_text][\/et_pb_column][et_pb_column type=&#8220;1_2&#8243; _builder_version=&#8220;4.16&#8243; custom_padding=&#8220;|||&#8220; global_colors_info=&#8220;{}&#8220; custom_padding__hover=&#8220;|||&#8220;][et_pb_text _builder_version=&#8220;4.19.1&#8243; _module_preset=&#8220;default&#8220; text_font=&#8220;Roboto||||||||&#8220; text_font_size=&#8220;16px&#8220; text_line_height=&#8220;1.9em&#8220; header_3_font=&#8220;Roboto||||||||&#8220; header_3_text_color=&#8220;#1a1a1a&#8220; header_3_font_size=&#8220;24px&#8220; header_3_line_height=&#8220;1.4em&#8220; header_4_text_color=&#8220;#b93a08&#8243; global_colors_info=&#8220;{}&#8220;]<\/p>\n<h3>Work package 4<\/h3>\n<h4>Verbesserung und Bereicherung der Bildungsaktivit\u00e4ten der KTU<\/h4>\n<p>Schulung und Ausbildung von KTU-Forschern und Studenten zum Thema digitale Zwillinge der n\u00e4chsten Generation, die sich beworben haben, um den \u00dcbergang zu einer intelligenten, nachhaltigen, widerstandsf\u00e4higen und klimaneutral gebauten Umwelt zu erm\u00f6glichen<\/p>\n<p><em>Ergebnisse:<\/em><\/p>\n<ul>\n<li><em>Schulungen und Sommerschulen<\/em><\/li>\n<\/ul>\n<p>[\/et_pb_text][\/et_pb_column][\/et_pb_row][et_pb_row column_structure=&#8220;1_2,1_2&#8243; use_custom_gutter=&#8220;on&#8220; gutter_width=&#8220;2&#8243; make_equal=&#8220;on&#8220; admin_label=&#8220;Products&#8220; _builder_version=&#8220;4.16&#8243; background_size=&#8220;initial&#8220; background_position=&#8220;top_left&#8220; background_repeat=&#8220;repeat&#8220; custom_padding=&#8220;|||&#8220; global_colors_info=&#8220;{}&#8220;][et_pb_column type=&#8220;1_2&#8243; _builder_version=&#8220;4.16&#8243; custom_padding=&#8220;|||&#8220; global_colors_info=&#8220;{}&#8220; custom_padding__hover=&#8220;|||&#8220;][et_pb_text _builder_version=&#8220;4.19.1&#8243; _module_preset=&#8220;default&#8220; text_font=&#8220;Roboto||||||||&#8220; text_font_size=&#8220;16px&#8220; text_line_height=&#8220;1.9em&#8220; header_3_font=&#8220;Roboto||||||||&#8220; header_3_text_color=&#8220;#1a1a1a&#8220; header_3_font_size=&#8220;24px&#8220; header_3_line_height=&#8220;1.4em&#8220; header_4_text_color=&#8220;#b93a08&#8243; global_colors_info=&#8220;{}&#8220;]<\/p>\n<h3>Work package 5<\/h3>\n<h4>Verbreitung, Verwertung, Kommunikation und Projektmanagement<\/h4>\n<p>Umsetzung der Verbreitungs-, Verwertungs- und Kommunikationsma\u00dfnahmen des Projekts und Koordinierung des Konsortiums sowie Berichterstattung \u00fcber die Ergebnisse<\/p>\n<p><em>Ergebnisse:<\/em><\/p>\n<ul>\n<li><em>Verbreitung, Verwertung und Kommunikationsplan<\/em><\/li>\n<li><em>Website-Projekt<\/em><\/li>\n<\/ul>\n<p>[\/et_pb_text][\/et_pb_column][et_pb_column type=&#8220;1_2&#8243; _builder_version=&#8220;4.16&#8243; custom_padding=&#8220;|||&#8220; global_colors_info=&#8220;{}&#8220; custom_padding__hover=&#8220;|||&#8220;][et_pb_text _builder_version=&#8220;4.19.1&#8243; _module_preset=&#8220;default&#8220; text_font=&#8220;Roboto||||||||&#8220; text_font_size=&#8220;16px&#8220; text_line_height=&#8220;1.9em&#8220; header_3_font=&#8220;Roboto||||||||&#8220; header_3_text_color=&#8220;#1a1a1a&#8220; header_3_font_size=&#8220;24px&#8220; header_3_line_height=&#8220;1.4em&#8220; header_4_text_color=&#8220;#b93a08&#8243; global_colors_info=&#8220;{}&#8220;]<\/p>\n<h3>Work package 6<\/h3>\n<h4>Projektleitung<\/h4>\n<p><span style=\"font-weight: 400;\">Koordinierung des Konsortiums und Berichterstattung \u00fcber die Ergebnisse<\/span><\/p>\n<p>[\/et_pb_text][\/et_pb_column][\/et_pb_row][\/et_pb_section][et_pb_section fb_built=&#8220;1&#8243; admin_label=&#8220;CTA&#8220; _builder_version=&#8220;4.19.1&#8243; background_image=&#8220;https:\/\/smartwins-project.eu\/wp-content\/uploads\/2023\/01\/smartwins-contact-us.jpg&#8220; parallax=&#8220;on&#8220; custom_margin=&#8220;|||&#8220; custom_padding=&#8220;0px|||&#8220; saved_tabs=&#8220;all&#8220; global_colors_info=&#8220;{}&#8220; global_module=&#8220;144&#8243; theme_builder_area=&#8220;post_content&#8220;][et_pb_row use_custom_gutter=&#8220;on&#8220; gutter_width=&#8220;1&#8243; custom_padding_last_edited=&#8220;on|tablet&#8220; module_class=&#8220; et_pb_row_fullwidth&#8220; _builder_version=&#8220;4.16&#8243; width=&#8220;100%&#8220; width_tablet=&#8220;100%&#8220; width_phone=&#8220;100%&#8220; width_last_edited=&#8220;on|desktop&#8220; max_width=&#8220;100%&#8220; max_width_tablet=&#8220;100%&#8220; max_width_phone=&#8220;100%&#8220; max_width_last_edited=&#8220;on|desktop&#8220; custom_padding=&#8220;80px|0px|80px|0px||&#8220; custom_padding_tablet=&#8220;0px|||&#8220; custom_padding_phone=&#8220;&#8220; make_fullwidth=&#8220;on&#8220; global_colors_info=&#8220;{}&#8220; theme_builder_area=&#8220;post_content&#8220;][et_pb_column type=&#8220;4_4&#8243; _builder_version=&#8220;4.16&#8243; custom_padding=&#8220;|||&#8220; global_colors_info=&#8220;{}&#8220; custom_padding__hover=&#8220;|||&#8220; theme_builder_area=&#8220;post_content&#8220;][et_pb_text admin_label=&#8220;CTA Section Title&#8220; _builder_version=&#8220;4.19.1&#8243; text_font=&#8220;||||&#8220; text_line_height=&#8220;1em&#8220; header_font=&#8220;Oswald|on||on|&#8220; header_text_align=&#8220;center&#8220; header_text_color=&#8220;#FFFFFF&#8220; header_font_size=&#8220;60px&#8220; header_line_height=&#8220;1.3em&#8220; module_alignment=&#8220;center&#8220; custom_margin=&#8220;||60px|&#8220; custom_padding=&#8220;|||&#8220; animation_style=&#8220;slide&#8220; animation_direction=&#8220;top&#8220; animation_intensity_slide=&#8220;10%&#8220; locked=&#8220;off&#8220; global_colors_info=&#8220;{}&#8220; theme_builder_area=&#8220;post_content&#8220;]<\/p>\n<h1>M\u00f6chten Sie teilnehmen?<\/h1>\n<p>[\/et_pb_text][et_pb_button button_url=&#8220;@ET-DC@eyJkeW5hbWljIjp0cnVlLCJjb250ZW50IjoicG9zdF9saW5rX3VybF9wYWdlIiwic2V0dGluZ3MiOnsicG9zdF9pZCI6IjM4In19@&#8220; button_text=&#8220;Beteiligen Sie sich!&#8220; button_alignment=&#8220;center&#8220; _builder_version=&#8220;4.19.1&#8243; _dynamic_attributes=&#8220;button_url&#8220; custom_button=&#8220;on&#8220; button_text_color=&#8220;#ffffff&#8220; button_bg_color=&#8220;#aa3507&#8243; button_border_color=&#8220;RGBA(255,255,255,0)&#8220; button_border_radius=&#8220;0px&#8220; button_letter_spacing=&#8220;4px&#8220; button_font=&#8220;Oswald|on||on|&#8220; button_icon=&#8220;&#x24;||divi||400&#8243; button_icon_color=&#8220;#1a1a1a&#8220; custom_margin=&#8220;||||false|false&#8220; custom_padding=&#8220;||||true|false&#8220; button_border_color_hover=&#8220;#1a1a1a&#8220; button_border_radius_hover=&#8220;0px&#8220; button_letter_spacing_hover=&#8220;4px&#8220; button_bg_color_hover=&#8220;rgba(0,0,0,0)&#8220; locked=&#8220;off&#8220; global_colors_info=&#8220;{}&#8220; button_text_size__hover_enabled=&#8220;off&#8220; button_one_text_size__hover_enabled=&#8220;off&#8220; button_two_text_size__hover_enabled=&#8220;off&#8220; button_text_color__hover_enabled=&#8220;off&#8220; button_one_text_color__hover_enabled=&#8220;off&#8220; button_two_text_color__hover_enabled=&#8220;off&#8220; button_border_width__hover_enabled=&#8220;off&#8220; button_one_border_width__hover_enabled=&#8220;off&#8220; button_two_border_width__hover_enabled=&#8220;off&#8220; button_border_color__hover_enabled=&#8220;on&#8220; button_border_color__hover=&#8220;#1a1a1a&#8220; button_one_border_color__hover_enabled=&#8220;off&#8220; button_two_border_color__hover_enabled=&#8220;off&#8220; button_border_radius__hover_enabled=&#8220;on&#8220; button_border_radius__hover=&#8220;0px&#8220; button_one_border_radius__hover_enabled=&#8220;off&#8220; button_two_border_radius__hover_enabled=&#8220;off&#8220; button_letter_spacing__hover_enabled=&#8220;on&#8220; button_letter_spacing__hover=&#8220;4px&#8220; button_one_letter_spacing__hover_enabled=&#8220;off&#8220; button_two_letter_spacing__hover_enabled=&#8220;off&#8220; button_bg_color__hover_enabled=&#8220;on&#8220; button_bg_color__hover=&#8220;rgba(0,0,0,0)&#8220; button_one_bg_color__hover_enabled=&#8220;off&#8220; button_two_bg_color__hover_enabled=&#8220;off&#8220; theme_builder_area=&#8220;post_content&#8220;][\/et_pb_button][\/et_pb_column][\/et_pb_row][\/et_pb_section]<\/p>\n","protected":false},"excerpt":{"rendered":"<p>Work packagesDas Projekt profitiert von der Finanzierung durch die Europ\u00e4ische Union und respektiert die erforderliche Methodik, indem es die Erreichung seiner verschiedenen Ziele in mehrere Arbeitspakete unterteilt.Work package 1 Intelligente Technologien f\u00fcr intelligente Geb\u00e4ude: Digitalisierung, IoT und Qualit\u00e4t der Raumluft Verbesserung der Forschungskompetenz der KTU im Bereich der intelligenten und klimaneutral gebauten Umwelt mit digitalen [&hellip;]<\/p>\n","protected":false},"author":3,"featured_media":0,"parent":0,"menu_order":0,"comment_status":"closed","ping_status":"closed","template":"","meta":{"_et_pb_use_builder":"on","_et_pb_old_content":"","_et_gb_content_width":"","footnotes":""},"class_list":["post-580","page","type-page","status-publish","hentry"],"_links":{"self":[{"href":"https:\/\/smartwins-project.eu\/de\/wp-json\/wp\/v2\/pages\/580","targetHints":{"allow":["GET"]}}],"collection":[{"href":"https:\/\/smartwins-project.eu\/de\/wp-json\/wp\/v2\/pages"}],"about":[{"href":"https:\/\/smartwins-project.eu\/de\/wp-json\/wp\/v2\/types\/page"}],"author":[{"embeddable":true,"href":"https:\/\/smartwins-project.eu\/de\/wp-json\/wp\/v2\/users\/3"}],"replies":[{"embeddable":true,"href":"https:\/\/smartwins-project.eu\/de\/wp-json\/wp\/v2\/comments?post=580"}],"version-history":[{"count":5,"href":"https:\/\/smartwins-project.eu\/de\/wp-json\/wp\/v2\/pages\/580\/revisions"}],"predecessor-version":[{"id":585,"href":"https:\/\/smartwins-project.eu\/de\/wp-json\/wp\/v2\/pages\/580\/revisions\/585"}],"wp:attachment":[{"href":"https:\/\/smartwins-project.eu\/de\/wp-json\/wp\/v2\/media?parent=580"}],"curies":[{"name":"wp","href":"https:\/\/api.w.org\/{rel}","templated":true}]}}